{"id":1015,"date":"2021-02-03T11:34:28","date_gmt":"2021-02-03T10:34:28","guid":{"rendered":"http:\/\/cie-vaporium.com\/?page_id=1015"},"modified":"2022-02-01T11:47:22","modified_gmt":"2022-02-01T10:47:22","slug":"on-y-etait","status":"publish","type":"page","link":"https:\/\/test.cie-vaporium.com\/?page_id=1015","title":{"rendered":"On y \u00e9tait"},"content":{"rendered":"<p>[vc_row][vc_column][vc_single_image image=&#8221;1816&#8243; img_size=&#8221;large&#8221; alignment=&#8221;center&#8221;][\/vc_column][\/vc_row][vc_row][vc_column css=&#8221;.vc_custom_1643712397773{background-color: #000000 !important;border-radius: 35px !important;}&#8221;][vc_empty_space][vc_column_text]<\/p>\n<p style=\"text-align: center; font-size: 22PX;\">\u00a0Voici quelques affiches d\u2019\u00e9v\u00e9nements qui ont particuli\u00e8rement marqu\u00e9 l\u2019histoire de la compagnie.<br \/>\nBien entendus, nous avons de tr\u00e8s nombreuses interventions qui ne sont pas illustr\u00e9 ici.<\/p>\n<p style=\"text-align: center; font-size: 22PX;\">Nous serions tr\u00e8s heureux d\u2019ajouter l\u2019affiche de votre \u00e9v\u00e9nement \u00e0 cet album souvenir.<\/p>\n<p>[\/vc_column_text][\/vc_column][\/vc_row][vc_row][vc_column][vc_empty_space][vc_masonry_media_grid gap=&#8221;10&#8243; initial_loading_animation=&#8221;fadeIn&#8221; grid_id=&#8221;vc_gid:1643712385434-d1aac9dfc08743621d3b6ed7970550d2-5&#8243; include=&#8221;2649,2284,2699,2278,2384,2277,2266,2273,2276,2648,2280,2268,2285,2271,2272,2701,2279,2275,2274,2265,2281,2282,2283,2267,2270&#8243;][\/vc_column][\/vc_row]<\/p>\n","protected":false},"excerpt":{"rendered":"<p>[vc_row][vc_column][vc_single_image image=&#8221;1816&#8243; img_size=&#8221;large&#8221; alignment=&#8221;center&#8221;][\/vc_column][\/vc_row][vc_row][vc_column css=&#8221;.vc_custom_1643712397773{background-color: #000000 !important;border-radius: 35px !important;}&#8221;][vc_empty_space][vc_column_text] \u00a0Voici quelques affiches d\u2019\u00e9v\u00e9nements qui ont particuli\u00e8rement marqu\u00e9 l\u2019histoire de la compagnie. Bien entendus, nous avons de tr\u00e8s nombreuses interventions qui ne sont pas illustr\u00e9 ici. Nous serions tr\u00e8s heureux d\u2019ajouter l\u2019affiche de votre \u00e9v\u00e9nement \u00e0 cet album souvenir. [\/vc_column_text][\/vc_column][\/vc_row][vc_row][vc_column][vc_empty_space][vc_masonry_media_grid gap=&#8221;10&#8243; initial_loading_animation=&#8221;fadeIn&#8221; grid_id=&#8221;vc_gid:1643712385434-d1aac9dfc08743621d3b6ed7970550d2-5&#8243; include=&#8221;2649,2284,2699,2278,2384,2277,2266,2273,2276,2648,2280,2268,2285,2271,2272,2701,2279,2275,2274,2265,2281,2282,2283,2267,2270&#8243;][\/vc_column][\/vc_row]<\/p>\n","protected":false},"author":3,"featured_media":1816,"parent":0,"menu_order":0,"comment_status":"closed","ping_status":"closed","template":"","meta":{"footnotes":""},"class_list":["post-1015","page","type-page","status-publish","has-post-thumbnail","hentry"],"yoast_head":"<!-- This site is optimized with the Yoast SEO plugin v16.0.2 - https:\/\/yoast.com\/wordpress\/plugins\/seo\/ -->\n<title>On y \u00e9tait - Cie Vaporium<\/title>\n<meta name=\"description\" content=\"Retrouvez quelques affiches d&#039;\u00e9v\u00e9nements qui ont marqu\u00e9 l&#039;histoire de la compagnie Vaporium. Petit floril\u00e8ge de belles affiches.\" \/>\n<link rel=\"canonical\" href=\"https:\/\/test.cie-vaporium.com\/?page_id=1015\" \/>\n<meta property=\"og:locale\" content=\"fr_FR\" \/>\n<meta property=\"og:type\" content=\"article\" \/>\n<meta property=\"og:title\" content=\"On y \u00e9tait - Cie Vaporium\" \/>\n<meta property=\"og:description\" content=\"Retrouvez quelques affiches d&#039;\u00e9v\u00e9nements qui ont marqu\u00e9 l&#039;histoire de la compagnie Vaporium. Petit floril\u00e8ge de belles affiches.\" \/>\n<meta property=\"og:url\" content=\"https:\/\/test.cie-vaporium.com\/?page_id=1015\" \/>\n<meta property=\"og:site_name\" content=\"Cie Vaporium\" \/>\n<meta property=\"article:modified_time\" content=\"2022-02-01T10:47:22+00:00\" \/>\n<meta property=\"og:image\" content=\"https:\/\/test.cie-vaporium.com\/wp-content\/uploads\/2021\/03\/bric-a-brac-on-y-etait.png\" \/>\n\t<meta property=\"og:image:width\" content=\"1000\" \/>\n\t<meta property=\"og:image:height\" content=\"715\" \/>\n<meta name=\"twitter:card\" content=\"summary\" \/>\n<meta name=\"twitter:label1\" content=\"Est. reading time\">\n\t<meta name=\"twitter:data1\" content=\"1 minute\">\n<script type=\"application\/ld+json\" class=\"yoast-schema-graph\">{\"@context\":\"https:\/\/schema.org\",\"@graph\":[{\"@type\":\"WebSite\",\"@id\":\"https:\/\/test.cie-vaporium.com\/#website\",\"url\":\"https:\/\/test.cie-vaporium.com\/\",\"name\":\"Cie Vaporium\",\"description\":\"Votre passeport pour le fantastique\",\"potentialAction\":[{\"@type\":\"SearchAction\",\"target\":\"https:\/\/test.cie-vaporium.com\/?s={search_term_string}\",\"query-input\":\"required name=search_term_string\"}],\"inLanguage\":\"fr-FR\"},{\"@type\":\"ImageObject\",\"@id\":\"https:\/\/test.cie-vaporium.com\/?page_id=1015#primaryimage\",\"inLanguage\":\"fr-FR\",\"url\":\"https:\/\/test.cie-vaporium.com\/wp-content\/uploads\/2021\/03\/bric-a-brac-on-y-etait.png\",\"width\":1000,\"height\":715},{\"@type\":\"WebPage\",\"@id\":\"https:\/\/test.cie-vaporium.com\/?page_id=1015#webpage\",\"url\":\"https:\/\/test.cie-vaporium.com\/?page_id=1015\",\"name\":\"On y \\u00e9tait - Cie Vaporium\",\"isPartOf\":{\"@id\":\"https:\/\/test.cie-vaporium.com\/#website\"},\"primaryImageOfPage\":{\"@id\":\"https:\/\/test.cie-vaporium.com\/?page_id=1015#primaryimage\"},\"datePublished\":\"2021-02-03T10:34:28+00:00\",\"dateModified\":\"2022-02-01T10:47:22+00:00\",\"description\":\"Retrouvez quelques affiches d'\\u00e9v\\u00e9nements qui ont marqu\\u00e9 l'histoire de la compagnie Vaporium. Petit floril\\u00e8ge de belles affiches.\",\"breadcrumb\":{\"@id\":\"https:\/\/test.cie-vaporium.com\/?page_id=1015#breadcrumb\"},\"inLanguage\":\"fr-FR\",\"potentialAction\":[{\"@type\":\"ReadAction\",\"target\":[\"https:\/\/test.cie-vaporium.com\/?page_id=1015\"]}]},{\"@type\":\"BreadcrumbList\",\"@id\":\"https:\/\/test.cie-vaporium.com\/?page_id=1015#breadcrumb\",\"itemListElement\":[{\"@type\":\"ListItem\",\"position\":1,\"item\":{\"@type\":\"WebPage\",\"@id\":\"https:\/\/test.cie-vaporium.com\/\",\"url\":\"https:\/\/test.cie-vaporium.com\/\",\"name\":\"Accueil\"}},{\"@type\":\"ListItem\",\"position\":2,\"item\":{\"@type\":\"WebPage\",\"@id\":\"https:\/\/test.cie-vaporium.com\/?page_id=1015\",\"url\":\"https:\/\/test.cie-vaporium.com\/?page_id=1015\",\"name\":\"On y \\u00e9tait\"}}]}]}<\/script>\n<!-- \/ Yoast SEO plugin. -->","_links":{"self":[{"href":"https:\/\/test.cie-vaporium.com\/index.php?rest_route=\/wp\/v2\/pages\/1015","targetHints":{"allow":["GET"]}}],"collection":[{"href":"https:\/\/test.cie-vaporium.com\/index.php?rest_route=\/wp\/v2\/pages"}],"about":[{"href":"https:\/\/test.cie-vaporium.com\/index.php?rest_route=\/wp\/v2\/types\/page"}],"author":[{"embeddable":true,"href":"https:\/\/test.cie-vaporium.com\/index.php?rest_route=\/wp\/v2\/users\/3"}],"replies":[{"embeddable":true,"href":"https:\/\/test.cie-vaporium.com\/index.php?rest_route=%2Fwp%2Fv2%2Fcomments&post=1015"}],"version-history":[{"count":38,"href":"https:\/\/test.cie-vaporium.com\/index.php?rest_route=\/wp\/v2\/pages\/1015\/revisions"}],"predecessor-version":[{"id":3260,"href":"https:\/\/test.cie-vaporium.com\/index.php?rest_route=\/wp\/v2\/pages\/1015\/revisions\/3260"}],"wp:featuredmedia":[{"embeddable":true,"href":"https:\/\/test.cie-vaporium.com\/index.php?rest_route=\/wp\/v2\/media\/1816"}],"wp:attachment":[{"href":"https:\/\/test.cie-vaporium.com\/index.php?rest_route=%2Fwp%2Fv2%2Fmedia&parent=1015"}],"curies":[{"name":"wp","href":"https:\/\/api.w.org\/{rel}","templated":true}]}}