{"id":1076,"date":"2021-02-03T16:30:53","date_gmt":"2021-02-03T15:30:53","guid":{"rendered":"http:\/\/cie-vaporium.com\/?page_id=1076"},"modified":"2022-01-31T16:35:42","modified_gmt":"2022-01-31T15:35:42","slug":"ne-pas-cliquer-ici","status":"publish","type":"page","link":"https:\/\/test.cie-vaporium.com\/?page_id=1076","title":{"rendered":"Mal\u00e9diction"},"content":{"rendered":"<p>[vc_row css=&#8221;.vc_custom_1643194181388{background-image: url(https:\/\/test.cie-vaporium.com\/wp-content\/uploads\/2021\/03\/secret-3120483_1920-LLL.jpg?id=2093) !important;background-position: center !important;background-repeat: no-repeat !important;background-size: cover !important;border-radius: 35px !important;}&#8221;][vc_column][vc_empty_space][vc_column_text]<\/p>\n<p style=\"text-align: center; font-size: 40px;\">Vous avez ouvert la page interdite !!!<\/p>\n<p style=\"text-align: center; font-size: 20px;\">Les Lutins Samedi sont furieux,<br \/>\nPour vous punir ils vous lancent une terrible mal\u00e9diction[\/vc_column_text][vc_single_image image=&#8221;2165&#8243; img_size=&#8221;large&#8221; alignment=&#8221;center&#8221; style=&#8221;vc_box_shadow&#8221; onclick=&#8221;link_image&#8221; css_animation=&#8221;zoomIn&#8221;][vc_column_text]<\/p>\n<p style=\"text-align: center; font-size: 16px;\">Si vous ne voulez pas perdre un bout de votre \u00e2me, vous devez imp\u00e9rativement lever ce sortil\u00e8ge au plus vite.<\/p>\n<p style=\"text-align: center; font-size: 16px;\">Cela demande de r\u00e9aliser un important rituel en enroulant une statuette sacr\u00e9e dans du jambon \u00e0 la prochaine pleine lune. Vous devrez ensuite danser de la tecktonik en \u00e9quilibre sur un pied jusqu\u2019au 1er rayon du soleil !<\/p>\n<p style=\"text-align: center; font-size: 20px;\"><strong>Mais les l\u00e9gendes racontent qu\u2019il existe deux autres fa\u00e7ons de lever la mal\u00e9diction :<\/strong><\/p>\n<p style=\"text-align: center; font-size: 16px;\">-mettre une pi\u00e8ce dans le prochain chapeau qui vous sera tendu par un artiste de rue<\/p>\n<p style=\"text-align: center; font-size: 16px;\">-faire l\u2019offrande d\u2019un like sur notre Facebook :<\/p>\n<p>[\/vc_column_text][vc_btn title=&#8221;faire une offrande&#8221; style=&#8221;3d&#8221; shape=&#8221;round&#8221; color=&#8221;black&#8221; size=&#8221;lg&#8221; align=&#8221;center&#8221; i_type=&#8221;monosocial&#8221; i_icon_monosocial=&#8221;vc-mono vc-mono-facebook&#8221; add_icon=&#8221;true&#8221; link=&#8221;url:https%3A%2F%2Fwww.facebook.com%2Fcievaporium||target:%20_blank|&#8221;][vc_empty_space][\/vc_column][\/vc_row]<\/p>\n","protected":false},"excerpt":{"rendered":"<p>[vc_row css=&#8221;.vc_custom_1643194181388{background-image: url(https:\/\/test.cie-vaporium.com\/wp-content\/uploads\/2021\/03\/secret-3120483_1920-LLL.jpg?id=2093) !important;background-position: center !important;background-repeat: no-repeat !important;background-size: cover !important;border-radius: 35px !important;}&#8221;][vc_column][vc_empty_space][vc_column_text] Vous avez ouvert la page interdite !!! Les Lutins Samedi sont furieux, Pour vous punir ils vous lancent une terrible mal\u00e9diction[\/vc_column_text][vc_single_image image=&#8221;2165&#8243; img_size=&#8221;large&#8221; alignment=&#8221;center&#8221; style=&#8221;vc_box_shadow&#8221; onclick=&#8221;link_image&#8221; css_animation=&#8221;zoomIn&#8221;][vc_column_text] Si vous ne voulez pas perdre un bout de votre \u00e2me, vous devez imp\u00e9rativement lever ce [&hellip;]<\/p>\n","protected":false},"author":3,"featured_media":2038,"parent":0,"menu_order":0,"comment_status":"closed","ping_status":"closed","template":"","meta":{"footnotes":""},"class_list":["post-1076","page","type-page","status-publish","has-post-thumbnail","hentry"],"yoast_head":"<!-- This site is optimized with the Yoast SEO plugin v16.0.2 - https:\/\/yoast.com\/wordpress\/plugins\/seo\/ -->\n<title>Mal\u00e9diction - Cie Vaporium<\/title>\n<meta name=\"description\" content=\"On vous avait dit de ne pas cliquer ici, tant pis pour vous, les lutins vous ont jet\u00e9 un sortil\u00e8ge. Pire ! Une terrible mal\u00e9diction !\" \/>\n<link rel=\"canonical\" href=\"https:\/\/test.cie-vaporium.com\/?page_id=1076\" \/>\n<meta property=\"og:locale\" content=\"fr_FR\" \/>\n<meta property=\"og:type\" content=\"article\" \/>\n<meta property=\"og:title\" content=\"Mal\u00e9diction - Cie Vaporium\" \/>\n<meta property=\"og:description\" content=\"On vous avait dit de ne pas cliquer ici, tant pis pour vous, les lutins vous ont jet\u00e9 un sortil\u00e8ge. Pire ! Une terrible mal\u00e9diction !\" \/>\n<meta property=\"og:url\" content=\"https:\/\/test.cie-vaporium.com\/?page_id=1076\" \/>\n<meta property=\"og:site_name\" content=\"Cie Vaporium\" \/>\n<meta property=\"article:modified_time\" content=\"2022-01-31T15:35:42+00:00\" \/>\n<meta property=\"og:image\" content=\"https:\/\/test.cie-vaporium.com\/wp-content\/uploads\/2021\/03\/lutin-jongleur-lumineux-et-echasses-30.jpg\" \/>\n\t<meta property=\"og:image:width\" content=\"1004\" \/>\n\t<meta property=\"og:image:height\" content=\"1504\" \/>\n<meta name=\"twitter:card\" content=\"summary\" \/>\n<meta name=\"twitter:label1\" content=\"Est. reading time\">\n\t<meta name=\"twitter:data1\" content=\"2 minutes\">\n<script type=\"application\/ld+json\" class=\"yoast-schema-graph\">{\"@context\":\"https:\/\/schema.org\",\"@graph\":[{\"@type\":\"WebSite\",\"@id\":\"https:\/\/test.cie-vaporium.com\/#website\",\"url\":\"https:\/\/test.cie-vaporium.com\/\",\"name\":\"Cie Vaporium\",\"description\":\"Votre passeport pour le fantastique\",\"potentialAction\":[{\"@type\":\"SearchAction\",\"target\":\"https:\/\/test.cie-vaporium.com\/?s={search_term_string}\",\"query-input\":\"required name=search_term_string\"}],\"inLanguage\":\"fr-FR\"},{\"@type\":\"ImageObject\",\"@id\":\"https:\/\/test.cie-vaporium.com\/?page_id=1076#primaryimage\",\"inLanguage\":\"fr-FR\",\"url\":\"https:\/\/test.cie-vaporium.com\/wp-content\/uploads\/2021\/03\/lutin-jongleur-lumineux-et-echasses-30.jpg\",\"width\":1004,\"height\":1504},{\"@type\":\"WebPage\",\"@id\":\"https:\/\/test.cie-vaporium.com\/?page_id=1076#webpage\",\"url\":\"https:\/\/test.cie-vaporium.com\/?page_id=1076\",\"name\":\"Mal\\u00e9diction - Cie Vaporium\",\"isPartOf\":{\"@id\":\"https:\/\/test.cie-vaporium.com\/#website\"},\"primaryImageOfPage\":{\"@id\":\"https:\/\/test.cie-vaporium.com\/?page_id=1076#primaryimage\"},\"datePublished\":\"2021-02-03T15:30:53+00:00\",\"dateModified\":\"2022-01-31T15:35:42+00:00\",\"description\":\"On vous avait dit de ne pas cliquer ici, tant pis pour vous, les lutins vous ont jet\\u00e9 un sortil\\u00e8ge. Pire ! Une terrible mal\\u00e9diction !\",\"breadcrumb\":{\"@id\":\"https:\/\/test.cie-vaporium.com\/?page_id=1076#breadcrumb\"},\"inLanguage\":\"fr-FR\",\"potentialAction\":[{\"@type\":\"ReadAction\",\"target\":[\"https:\/\/test.cie-vaporium.com\/?page_id=1076\"]}]},{\"@type\":\"BreadcrumbList\",\"@id\":\"https:\/\/test.cie-vaporium.com\/?page_id=1076#breadcrumb\",\"itemListElement\":[{\"@type\":\"ListItem\",\"position\":1,\"item\":{\"@type\":\"WebPage\",\"@id\":\"https:\/\/test.cie-vaporium.com\/\",\"url\":\"https:\/\/test.cie-vaporium.com\/\",\"name\":\"Accueil\"}},{\"@type\":\"ListItem\",\"position\":2,\"item\":{\"@type\":\"WebPage\",\"@id\":\"https:\/\/test.cie-vaporium.com\/?page_id=1076\",\"url\":\"https:\/\/test.cie-vaporium.com\/?page_id=1076\",\"name\":\"Mal\\u00e9diction\"}}]}]}<\/script>\n<!-- \/ Yoast SEO plugin. -->","_links":{"self":[{"href":"https:\/\/test.cie-vaporium.com\/index.php?rest_route=\/wp\/v2\/pages\/1076","targetHints":{"allow":["GET"]}}],"collection":[{"href":"https:\/\/test.cie-vaporium.com\/index.php?rest_route=\/wp\/v2\/pages"}],"about":[{"href":"https:\/\/test.cie-vaporium.com\/index.php?rest_route=\/wp\/v2\/types\/page"}],"author":[{"embeddable":true,"href":"https:\/\/test.cie-vaporium.com\/index.php?rest_route=\/wp\/v2\/users\/3"}],"replies":[{"embeddable":true,"href":"https:\/\/test.cie-vaporium.com\/index.php?rest_route=%2Fwp%2Fv2%2Fcomments&post=1076"}],"version-history":[{"count":43,"href":"https:\/\/test.cie-vaporium.com\/index.php?rest_route=\/wp\/v2\/pages\/1076\/revisions"}],"predecessor-version":[{"id":3226,"href":"https:\/\/test.cie-vaporium.com\/index.php?rest_route=\/wp\/v2\/pages\/1076\/revisions\/3226"}],"wp:featuredmedia":[{"embeddable":true,"href":"https:\/\/test.cie-vaporium.com\/index.php?rest_route=\/wp\/v2\/media\/2038"}],"wp:attachment":[{"href":"https:\/\/test.cie-vaporium.com\/index.php?rest_route=%2Fwp%2Fv2%2Fmedia&parent=1076"}],"curies":[{"name":"wp","href":"https:\/\/api.w.org\/{rel}","templated":true}]}}