{"id":1094,"date":"2021-02-03T16:57:26","date_gmt":"2021-02-03T15:57:26","guid":{"rendered":"http:\/\/cie-vaporium.com\/?page_id=1094"},"modified":"2022-02-01T11:41:07","modified_gmt":"2022-02-01T10:41:07","slug":"jonglerie-lumineuse","status":"publish","type":"page","link":"https:\/\/test.cie-vaporium.com\/?page_id=1094","title":{"rendered":"Jonglerie Lumineuse"},"content":{"rendered":"<p>[vc_row][vc_column][vc_single_image image=&#8221;1109&#8243; img_size=&#8221;full&#8221; alignment=&#8221;center&#8221; style=&#8221;vc_box_outline&#8221; border_color=&#8221;white&#8221;][\/vc_column][\/vc_row][vc_row][vc_column css=&#8221;.vc_custom_1643712043600{background-color: #0a0a0a !important;border-radius: 35px !important;}&#8221;][vc_column_text]<\/p>\n<p style=\"text-align: center; font-size: 20px;\"><strong>Animation lumineuse sur mesure<\/strong><\/p>\n<p style=\"text-align: center;\">La compagnie vous propose une animation de jonglerie lumineuse sur mesure.<\/p>\n<p style=\"text-align: center;\">En int\u00e9rieur ou en ext\u00e9rieur, nous apportons la f\u00e9erie de lumi\u00e8res virevoltantes \u00e0 votre \u00e9v\u00e9nement.<br \/>\nUtilisant un panel de mat\u00e9riel de jonglerie LED haut de gamme, nous vous proposons une animation alliant haute technologie et jonglerie lumineuse.<br \/>\nLe temps d&#8217;une musique ou d\u2019une soir\u00e9e toute enti\u00e8re, nous nous int\u00e9grons \u00e0 votre programme avec souplesse.<br \/>\nNous vous proposons de nombreuses options : sonorisation, \u00e9clairage, logo anim\u00e9<br \/>\nPlusieurs possibilit\u00e9s de costumes s\u2019offrent \u00e0 vous : du plus simple aux costumes utilis\u00e9s pour nos d\u00e9ambulations.<\/p>\n<p style=\"text-align: center;\">N\u2019h\u00e9sitez pas \u00e0 nous contacter pour qu\u2019on puisse d\u00e9finir ensemble l\u2019animation qui correspondra le mieux \u00e0 vos attentes.<\/p>\n<p>[\/vc_column_text][\/vc_column][\/vc_row][vc_row][vc_column][vc_empty_space][vc_masonry_media_grid element_width=&#8221;3&#8243; gap=&#8221;3&#8243; item=&#8221;masonryMedia_SimpleBlurWithScale&#8221; initial_loading_animation=&#8221;fadeIn&#8221; grid_id=&#8221;vc_gid:1643712009388-5a9a616cf309c6918dd3acb38777986b-0&#8243; include=&#8221;1362,1365,2215,2219&#8243;][vc_btn title=&#8221;voir plus d&#8217;images&#8221; style=&#8221;outline-custom&#8221; outline_custom_color=&#8221;#ffffff&#8221; outline_custom_hover_background=&#8221;#660909&#8243; outline_custom_hover_text=&#8221;#ffffff&#8221; shape=&#8221;round&#8221; size=&#8221;lg&#8221; align=&#8221;center&#8221; css_animation=&#8221;bounceIn&#8221; link=&#8221;url:https%3A%2F%2Ftest.cie-vaporium.com%2F%3Fpage_id%3D2896|target:_blank&#8221;][vc_empty_space][vc_single_image image=&#8221;2070&#8243; img_size=&#8221;large&#8221; alignment=&#8221;center&#8221;][\/vc_column][\/vc_row]<\/p>\n","protected":false},"excerpt":{"rendered":"<p>[vc_row][vc_column][vc_single_image image=&#8221;1109&#8243; img_size=&#8221;full&#8221; alignment=&#8221;center&#8221; style=&#8221;vc_box_outline&#8221; border_color=&#8221;white&#8221;][\/vc_column][\/vc_row][vc_row][vc_column css=&#8221;.vc_custom_1643712043600{background-color: #0a0a0a !important;border-radius: 35px !important;}&#8221;][vc_column_text] Animation lumineuse sur mesure La compagnie vous propose une animation de jonglerie lumineuse sur mesure. En int\u00e9rieur ou en ext\u00e9rieur, nous apportons la f\u00e9erie de lumi\u00e8res virevoltantes \u00e0 votre \u00e9v\u00e9nement. Utilisant un panel de mat\u00e9riel de jonglerie LED haut de gamme, nous vous proposons [&hellip;]<\/p>\n","protected":false},"author":3,"featured_media":1365,"parent":0,"menu_order":0,"comment_status":"closed","ping_status":"closed","template":"","meta":{"footnotes":""},"class_list":["post-1094","page","type-page","status-publish","has-post-thumbnail","hentry"],"yoast_head":"<!-- This site is optimized with the Yoast SEO plugin v16.0.2 - https:\/\/yoast.com\/wordpress\/plugins\/seo\/ -->\n<title>Jonglerie Lumineuse - Cie Vaporium<\/title>\n<meta name=\"description\" content=\"D\u00e9couvrez nos animations de jonglerie lumineuse. Nous vous proposons une animation sur mesure adapt\u00e9e \u00e0 vos besoins.\" \/>\n<link rel=\"canonical\" href=\"https:\/\/test.cie-vaporium.com\/?page_id=1094\" \/>\n<meta property=\"og:locale\" content=\"fr_FR\" \/>\n<meta property=\"og:type\" content=\"article\" \/>\n<meta property=\"og:title\" content=\"Jonglerie Lumineuse - Cie Vaporium\" \/>\n<meta property=\"og:description\" content=\"D\u00e9couvrez nos animations de jonglerie lumineuse. Nous vous proposons une animation sur mesure adapt\u00e9e \u00e0 vos besoins.\" \/>\n<meta property=\"og:url\" content=\"https:\/\/test.cie-vaporium.com\/?page_id=1094\" \/>\n<meta property=\"og:site_name\" content=\"Cie Vaporium\" \/>\n<meta property=\"article:modified_time\" content=\"2022-02-01T10:41:07+00:00\" \/>\n<meta property=\"og:image\" content=\"https:\/\/test.cie-vaporium.com\/wp-content\/uploads\/2021\/02\/wonderland-jongleur-lumineux-et-echasses-22.jpg\" \/>\n\t<meta property=\"og:image:width\" content=\"512\" \/>\n\t<meta property=\"og:image:height\" content=\"341\" \/>\n<meta name=\"twitter:card\" content=\"summary\" \/>\n<meta name=\"twitter:label1\" content=\"Est. reading time\">\n\t<meta name=\"twitter:data1\" content=\"1 minute\">\n<script type=\"application\/ld+json\" class=\"yoast-schema-graph\">{\"@context\":\"https:\/\/schema.org\",\"@graph\":[{\"@type\":\"WebSite\",\"@id\":\"https:\/\/test.cie-vaporium.com\/#website\",\"url\":\"https:\/\/test.cie-vaporium.com\/\",\"name\":\"Cie Vaporium\",\"description\":\"Votre passeport pour le fantastique\",\"potentialAction\":[{\"@type\":\"SearchAction\",\"target\":\"https:\/\/test.cie-vaporium.com\/?s={search_term_string}\",\"query-input\":\"required name=search_term_string\"}],\"inLanguage\":\"fr-FR\"},{\"@type\":\"ImageObject\",\"@id\":\"https:\/\/test.cie-vaporium.com\/?page_id=1094#primaryimage\",\"inLanguage\":\"fr-FR\",\"url\":\"https:\/\/test.cie-vaporium.com\/wp-content\/uploads\/2021\/02\/wonderland-jongleur-lumineux-et-echasses-22.jpg\",\"width\":512,\"height\":341},{\"@type\":\"WebPage\",\"@id\":\"https:\/\/test.cie-vaporium.com\/?page_id=1094#webpage\",\"url\":\"https:\/\/test.cie-vaporium.com\/?page_id=1094\",\"name\":\"Jonglerie Lumineuse - Cie Vaporium\",\"isPartOf\":{\"@id\":\"https:\/\/test.cie-vaporium.com\/#website\"},\"primaryImageOfPage\":{\"@id\":\"https:\/\/test.cie-vaporium.com\/?page_id=1094#primaryimage\"},\"datePublished\":\"2021-02-03T15:57:26+00:00\",\"dateModified\":\"2022-02-01T10:41:07+00:00\",\"description\":\"D\\u00e9couvrez nos animations de jonglerie lumineuse. Nous vous proposons une animation sur mesure adapt\\u00e9e \\u00e0 vos besoins.\",\"breadcrumb\":{\"@id\":\"https:\/\/test.cie-vaporium.com\/?page_id=1094#breadcrumb\"},\"inLanguage\":\"fr-FR\",\"potentialAction\":[{\"@type\":\"ReadAction\",\"target\":[\"https:\/\/test.cie-vaporium.com\/?page_id=1094\"]}]},{\"@type\":\"BreadcrumbList\",\"@id\":\"https:\/\/test.cie-vaporium.com\/?page_id=1094#breadcrumb\",\"itemListElement\":[{\"@type\":\"ListItem\",\"position\":1,\"item\":{\"@type\":\"WebPage\",\"@id\":\"https:\/\/test.cie-vaporium.com\/\",\"url\":\"https:\/\/test.cie-vaporium.com\/\",\"name\":\"Accueil\"}},{\"@type\":\"ListItem\",\"position\":2,\"item\":{\"@type\":\"WebPage\",\"@id\":\"https:\/\/test.cie-vaporium.com\/?page_id=1094\",\"url\":\"https:\/\/test.cie-vaporium.com\/?page_id=1094\",\"name\":\"Jonglerie Lumineuse\"}}]}]}<\/script>\n<!-- \/ Yoast SEO plugin. -->","_links":{"self":[{"href":"https:\/\/test.cie-vaporium.com\/index.php?rest_route=\/wp\/v2\/pages\/1094","targetHints":{"allow":["GET"]}}],"collection":[{"href":"https:\/\/test.cie-vaporium.com\/index.php?rest_route=\/wp\/v2\/pages"}],"about":[{"href":"https:\/\/test.cie-vaporium.com\/index.php?rest_route=\/wp\/v2\/types\/page"}],"author":[{"embeddable":true,"href":"https:\/\/test.cie-vaporium.com\/index.php?rest_route=\/wp\/v2\/users\/3"}],"replies":[{"embeddable":true,"href":"https:\/\/test.cie-vaporium.com\/index.php?rest_route=%2Fwp%2Fv2%2Fcomments&post=1094"}],"version-history":[{"count":33,"href":"https:\/\/test.cie-vaporium.com\/index.php?rest_route=\/wp\/v2\/pages\/1094\/revisions"}],"predecessor-version":[{"id":3257,"href":"https:\/\/test.cie-vaporium.com\/index.php?rest_route=\/wp\/v2\/pages\/1094\/revisions\/3257"}],"wp:featuredmedia":[{"embeddable":true,"href":"https:\/\/test.cie-vaporium.com\/index.php?rest_route=\/wp\/v2\/media\/1365"}],"wp:attachment":[{"href":"https:\/\/test.cie-vaporium.com\/index.php?rest_route=%2Fwp%2Fv2%2Fmedia&parent=1094"}],"curies":[{"name":"wp","href":"https:\/\/api.w.org\/{rel}","templated":true}]}}