{"id":2787,"date":"2022-01-25T10:38:46","date_gmt":"2022-01-25T09:38:46","guid":{"rendered":"https:\/\/test.cie-vaporium.com\/?page_id=2787"},"modified":"2022-02-01T11:55:25","modified_gmt":"2022-02-01T10:55:25","slug":"la-compagnie","status":"publish","type":"page","link":"https:\/\/test.cie-vaporium.com\/?page_id=2787","title":{"rendered":"la compagnie"},"content":{"rendered":"<p>[vc_row][vc_column][vc_single_image image=&#8221;3041&#8243; img_size=&#8221;large&#8221; alignment=&#8221;center&#8221;][\/vc_column][\/vc_row][vc_row][vc_column css=&#8221;.vc_custom_1643712852176{background-color: #0a0a0a !important;border-radius: 35px !important;}&#8221;][vc_text_separator title=&#8221;La compagnie&#8221; style=&#8221;shadow&#8221; border_width=&#8221;5&#8243;][vc_column_text]<\/p>\n<p style=\"text-align: center;\">Cr\u00e9\u00e9e en 2017, La compagnie Vaporium regroupe trois artistes professionnels sp\u00e9cialis\u00e9s dans les animations fantastiques.<\/p>\n<p style=\"text-align: center;\">Nous nous sommes donn\u00e9 pour mission de faire vivre les univers de l\u2019imaginaire et du r\u00eave en les mat\u00e9rialisant dans d\u2019impressionnantes animations. \u00c0 travers spectacles, d\u00e9monstrations de jonglerie et d\u00e9ambulations sur \u00e9chasses, nous donnons vie \u00e0 ces improbables univers.<\/p>\n<p style=\"text-align: center;\">Artistes de rue, mais aussi costumiers, d\u00e9corateurs et accessoiristes, nous mettons tout notre savoir-faire et notre passion au service d\u2019un seul objectif :<\/p>\n<p style=\"text-align: center;\">Suspendre la r\u00e9alit\u00e9 le temps d\u2019une animation et transporter le spectateur de l\u2019autre c\u00f4t\u00e9 du miroir.<\/p>\n<p style=\"text-align: center;\">Nous intervenons pour tout type d\u2019\u00e9v\u00e9nement, avec une pr\u00e9dilection pour les f\u00eates m\u00e9di\u00e9vales, m\u00e9di\u00e9val-fantastique, les carnavals et les festivals musicaux.<\/p>\n<p>[\/vc_column_text][\/vc_column][\/vc_row][vc_row][vc_column][vc_empty_space][vc_empty_space][\/vc_column][\/vc_row][vc_row][vc_column css=&#8221;.vc_custom_1643712879677{background-color: #0a0a0a !important;background-position: center !important;background-repeat: no-repeat !important;background-size: cover !important;border-radius: 35px !important;}&#8221;][vc_text_separator title=&#8221;Nos Atouts&#8221; style=&#8221;shadow&#8221; border_width=&#8221;5&#8243;][vc_column_text]<\/p>\n<h4 style=\"text-align: center;\">Originalit\u00e9 :<\/h4>\n<p style=\"text-align: center;\">Toutes nos animations sont fabriqu\u00e9es de A \u00e0 Z dans nos ateliers. Ce qui nous permet de vous proposer un rendu visuel unique.<br \/>\nNous d\u00e9veloppons aussi dans nos ateliers des accessoires et effets sc\u00e9niques exclusifs, fruit de tr\u00e8s nombreuses journ\u00e9es de recherche et d\u00e9veloppement.<\/p>\n<h4 style=\"text-align: center;\">Savoir-faire :<\/h4>\n<p style=\"text-align: center;\">Notre \u00e9quipe est compos\u00e9e d\u2019artistes ayant de nombreuses ann\u00e9es d\u2019exp\u00e9rience.\u00a0Ces comp\u00e9tences nous permettent de voir les choses en grand\u00a0: costume, d\u00e9cors et accessoires, nous engageons tout notre savoir-faire pour vous proposer un rendu visuel de qualit\u00e9.<\/p>\n<h4 style=\"text-align: center;\">Interaction :<\/h4>\n<p style=\"text-align: center;\">Nos d\u00e9ambulations sont bien plus que de simples parades\u00a0: votre public est l\u2019acteur de nos interventions qui sont avant tout bas\u00e9es sur l\u2019interaction et le th\u00e9\u00e2tre de rue.<\/p>\n<h4 style=\"text-align: center;\">Professionnalisme :<\/h4>\n<p style=\"text-align: center;\">Hormis la maitrise de plusieurs instruments de jonglerie, nous avons une r\u00e9elle expertise en mati\u00e8re de s\u00e9curit\u00e9, et notamment concernant la s\u00e9curit\u00e9 incendie. Notre compagnie respecte strictement la r\u00e9glementation concernant l\u2019embauche de ses artistes. Nous vous fournissons, bien entendu, tous les documents l\u00e9gaux requis pour faire appel \u00e0 nos services.<\/p>\n<p>[\/vc_column_text][\/vc_column][\/vc_row]<\/p>\n","protected":false},"excerpt":{"rendered":"<p>[vc_row][vc_column][vc_single_image image=&#8221;3041&#8243; img_size=&#8221;large&#8221; alignment=&#8221;center&#8221;][\/vc_column][\/vc_row][vc_row][vc_column css=&#8221;.vc_custom_1643712852176{background-color: #0a0a0a !important;border-radius: 35px !important;}&#8221;][vc_text_separator title=&#8221;La compagnie&#8221; style=&#8221;shadow&#8221; border_width=&#8221;5&#8243;][vc_column_text] Cr\u00e9\u00e9e en 2017, La compagnie Vaporium regroupe trois artistes professionnels sp\u00e9cialis\u00e9s dans les animations fantastiques. Nous nous sommes donn\u00e9 pour mission de faire vivre les univers de l\u2019imaginaire et du r\u00eave en les mat\u00e9rialisant dans d\u2019impressionnantes animations. \u00c0 travers spectacles, d\u00e9monstrations de [&hellip;]<\/p>\n","protected":false},"author":1,"featured_media":0,"parent":0,"menu_order":0,"comment_status":"closed","ping_status":"closed","template":"","meta":{"footnotes":""},"class_list":["post-2787","page","type-page","status-publish","hentry"],"yoast_head":"<!-- This site is optimized with the Yoast SEO plugin v16.0.2 - https:\/\/yoast.com\/wordpress\/plugins\/seo\/ -->\n<title>la compagnie - Cie Vaporium<\/title>\n<link rel=\"canonical\" href=\"https:\/\/test.cie-vaporium.com\/?page_id=2787\" \/>\n<meta property=\"og:locale\" content=\"fr_FR\" \/>\n<meta property=\"og:type\" content=\"article\" \/>\n<meta property=\"og:title\" content=\"la compagnie - Cie Vaporium\" \/>\n<meta property=\"og:description\" content=\"[vc_row][vc_column][vc_single_image image=&#8221;3041&#8243; img_size=&#8221;large&#8221; alignment=&#8221;center&#8221;][\/vc_column][\/vc_row][vc_row][vc_column css=&#8221;.vc_custom_1643712852176{background-color: #0a0a0a !important;border-radius: 35px !important;}&#8221;][vc_text_separator title=&#8221;La compagnie&#8221; style=&#8221;shadow&#8221; border_width=&#8221;5&#8243;][vc_column_text] Cr\u00e9\u00e9e en 2017, La compagnie Vaporium regroupe trois artistes professionnels sp\u00e9cialis\u00e9s dans les animations fantastiques. Nous nous sommes donn\u00e9 pour mission de faire vivre les univers de l\u2019imaginaire et du r\u00eave en les mat\u00e9rialisant dans d\u2019impressionnantes animations. \u00c0 travers spectacles, d\u00e9monstrations de [&hellip;]\" \/>\n<meta property=\"og:url\" content=\"https:\/\/test.cie-vaporium.com\/?page_id=2787\" \/>\n<meta property=\"og:site_name\" content=\"Cie Vaporium\" \/>\n<meta property=\"article:modified_time\" content=\"2022-02-01T10:55:25+00:00\" \/>\n<meta name=\"twitter:card\" content=\"summary\" \/>\n<meta name=\"twitter:label1\" content=\"Est. reading time\">\n\t<meta name=\"twitter:data1\" content=\"2 minutes\">\n<script type=\"application\/ld+json\" class=\"yoast-schema-graph\">{\"@context\":\"https:\/\/schema.org\",\"@graph\":[{\"@type\":\"WebSite\",\"@id\":\"https:\/\/test.cie-vaporium.com\/#website\",\"url\":\"https:\/\/test.cie-vaporium.com\/\",\"name\":\"Cie Vaporium\",\"description\":\"Votre passeport pour le fantastique\",\"potentialAction\":[{\"@type\":\"SearchAction\",\"target\":\"https:\/\/test.cie-vaporium.com\/?s={search_term_string}\",\"query-input\":\"required name=search_term_string\"}],\"inLanguage\":\"fr-FR\"},{\"@type\":\"WebPage\",\"@id\":\"https:\/\/test.cie-vaporium.com\/?page_id=2787#webpage\",\"url\":\"https:\/\/test.cie-vaporium.com\/?page_id=2787\",\"name\":\"la compagnie - Cie Vaporium\",\"isPartOf\":{\"@id\":\"https:\/\/test.cie-vaporium.com\/#website\"},\"datePublished\":\"2022-01-25T09:38:46+00:00\",\"dateModified\":\"2022-02-01T10:55:25+00:00\",\"breadcrumb\":{\"@id\":\"https:\/\/test.cie-vaporium.com\/?page_id=2787#breadcrumb\"},\"inLanguage\":\"fr-FR\",\"potentialAction\":[{\"@type\":\"ReadAction\",\"target\":[\"https:\/\/test.cie-vaporium.com\/?page_id=2787\"]}]},{\"@type\":\"BreadcrumbList\",\"@id\":\"https:\/\/test.cie-vaporium.com\/?page_id=2787#breadcrumb\",\"itemListElement\":[{\"@type\":\"ListItem\",\"position\":1,\"item\":{\"@type\":\"WebPage\",\"@id\":\"https:\/\/test.cie-vaporium.com\/\",\"url\":\"https:\/\/test.cie-vaporium.com\/\",\"name\":\"Accueil\"}},{\"@type\":\"ListItem\",\"position\":2,\"item\":{\"@type\":\"WebPage\",\"@id\":\"https:\/\/test.cie-vaporium.com\/?page_id=2787\",\"url\":\"https:\/\/test.cie-vaporium.com\/?page_id=2787\",\"name\":\"la compagnie\"}}]}]}<\/script>\n<!-- \/ Yoast SEO plugin. -->","_links":{"self":[{"href":"https:\/\/test.cie-vaporium.com\/index.php?rest_route=\/wp\/v2\/pages\/2787","targetHints":{"allow":["GET"]}}],"collection":[{"href":"https:\/\/test.cie-vaporium.com\/index.php?rest_route=\/wp\/v2\/pages"}],"about":[{"href":"https:\/\/test.cie-vaporium.com\/index.php?rest_route=\/wp\/v2\/types\/page"}],"author":[{"embeddable":true,"href":"https:\/\/test.cie-vaporium.com\/index.php?rest_route=\/wp\/v2\/users\/1"}],"replies":[{"embeddable":true,"href":"https:\/\/test.cie-vaporium.com\/index.php?rest_route=%2Fwp%2Fv2%2Fcomments&post=2787"}],"version-history":[{"count":9,"href":"https:\/\/test.cie-vaporium.com\/index.php?rest_route=\/wp\/v2\/pages\/2787\/revisions"}],"predecessor-version":[{"id":3265,"href":"https:\/\/test.cie-vaporium.com\/index.php?rest_route=\/wp\/v2\/pages\/2787\/revisions\/3265"}],"wp:attachment":[{"href":"https:\/\/test.cie-vaporium.com\/index.php?rest_route=%2Fwp%2Fv2%2Fmedia&parent=2787"}],"curies":[{"name":"wp","href":"https:\/\/api.w.org\/{rel}","templated":true}]}}