{"id":34,"date":"2015-12-17T16:45:41","date_gmt":"2015-12-17T15:45:41","guid":{"rendered":"http:\/\/cie-vaporium.com\/?page_id=34"},"modified":"2025-08-11T17:39:05","modified_gmt":"2025-08-11T16:39:05","slug":"collaborateur","status":"publish","type":"page","link":"https:\/\/test.cie-vaporium.com\/?page_id=34","title":{"rendered":"L&#8217;\u00e9quipe"},"content":{"rendered":"<p>[vc_row][vc_column][vc_single_image image=&#8221;1814&#8243; img_size=&#8221;large&#8221; alignment=&#8221;center&#8221;][\/vc_column][\/vc_row][vc_row][vc_column css=&#8221;.vc_custom_1754929982329{background-color: rgba(255,255,255,0.74) !important;*background-color: rgb(255,255,255) !important;border-radius: 35px !important;}&#8221;][vc_text_separator title=&#8221;Luciole&#8221; style=&#8221;shadow&#8221; border_width=&#8221;5&#8243;][vc_single_image image=&#8221;1249&#8243; img_size=&#8221;full&#8221; alignment=&#8221;center&#8221; style=&#8221;vc_box_outline&#8221;][vc_column_text]Luciole c\u2019est un artiste qui commence \u00e0 \u00eatre bien connu dans le monde de la jonglerie \u00e0 travers ses diff\u00e9rents projets artistiques. Que \u00e7a soit pour ses nombreux spectacles en solo, duo, trio\u2026 ou pour ses strip bd sur la dure vie des artistes jongleurs (<em>Les Couleurs de la Luciole<\/em>). Mais Luciole c\u2019est aussi le retour des rassemblements feu \u00e0 Montpellier, des jongleurs de Metz, et l\u2019organisation de la Gra\u00fclich (convention de jongleur feu).<\/p>\n<p>Un artiste qui s\u00e8me de la magie et des rassemblements sur son chemin.<\/p>\n<p><strong>R\u00f4le :<\/strong> D\u00e9marchage, administration, Support polyvalent<\/p>\n<p><strong>Comp\u00e9tence sp\u00e9ciale :<\/strong> Sorcier ma\u00eetrisant les arcanes des tableurs Excel.[\/vc_column_text][\/vc_column][\/vc_row][vc_row][vc_column][vc_empty_space][\/vc_column][\/vc_row][vc_row css=&#8221;.vc_custom_1612782700975{border-radius: 4px !important;}&#8221;][vc_column css=&#8221;.vc_custom_1754930000688{background-color: rgba(255,255,255,0.74) !important;background-position: center !important;background-repeat: no-repeat !important;background-size: cover !important;*background-color: rgb(255,255,255) !important;border-radius: 35px !important;}&#8221;][vc_text_separator title=&#8221;Jen&#8221; style=&#8221;shadow&#8221; border_width=&#8221;4&#8243;][vc_single_image image=&#8221;1248&#8243; img_size=&#8221;full&#8221; alignment=&#8221;center&#8221; style=&#8221;vc_box_outline&#8221;][vc_column_text]Jen est une artisane bien connue dans le monde m\u00e9di\u00e9val fantastique avec son stand de cr\u00e9ation de masques et de cornes. Mais \u00e7a serait oublier un peu vite qu\u2019elle fut pendant 6 ans jongleuse de feu \u00e0 roder de festival en parvis, comme celui de Souvigny.<\/p>\n<p>\u00c0 force de participer activement au projet de Tyo, Jen s\u2019est de nouveau retrouv\u00e9e sur sc\u00e8ne. La passion -jamais perdue- est revenue au c\u0153ur de sa vie. Avec un dipl\u00f4me de styliste en poche, elle est, en toute logique, charg\u00e9e de la cr\u00e9ation des costumes et accessoires de la compagnie.<\/p>\n<p><strong>R\u00f4le :<\/strong> Costumi\u00e8re, accessoiriste, maquilleuse<\/p>\n<p><strong>Comp\u00e9tence sp\u00e9ciale :<\/strong> +10 au jet de diplomatie[\/vc_column_text][\/vc_column][\/vc_row][vc_row][vc_column][vc_empty_space][\/vc_column][\/vc_row][vc_row][vc_column css=&#8221;.vc_custom_1754930022641{background-color: rgba(255,255,255,0.74) !important;background-position: center !important;background-repeat: no-repeat !important;background-size: cover !important;*background-color: rgb(255,255,255) !important;border-radius: 35px !important;}&#8221;][vc_text_separator title=&#8221;Tyo&#8221; style=&#8221;shadow&#8221; border_width=&#8221;4&#8243;][vc_single_image image=&#8221;1247&#8243; img_size=&#8221;full&#8221; alignment=&#8221;center&#8221; style=&#8221;vc_box_outline&#8221;][vc_column_text css=&#8221;.vc_custom_1617286073110{background-position: center !important;background-repeat: no-repeat !important;background-size: cover !important;}&#8221;]Tyo tra\u00eene ses moustaches de jongleur de feu depuis plus de 10 ans. Du palais de Tokyo au jardin du Peyrou du temps des Festiflam, il a profit\u00e9 du premier \u00e2ge d\u2019or de la jonglerie enflamm\u00e9e.<\/p>\n<p>Apr\u00e8s avoir mont\u00e9 une premi\u00e8re Compagnie (Zelfir) il est reparti en solo. Apr\u00e8s trois ans de d\u00e9veloppement, financement, conception, fabrication, prototypage, crash-test, changement de plans, ajout de personnages, entra\u00eenements, \u00e9criture, et surtout de nombreuses rencontres, ce projet \u00e9volue enfin pour devenir la compagnie Vaporium.<\/p>\n<p><strong>R\u00f4le :<\/strong> Fabrication d\u00e9cors, instruments, administration et communication.<\/p>\n<p><strong>Comp\u00e9tence sp\u00e9ciale :<\/strong> peut se m\u00e9tamorphoser en chat[\/vc_column_text][\/vc_column][\/vc_row]<\/p>\n","protected":false},"excerpt":{"rendered":"<p>[vc_row][vc_column][vc_single_image image=&#8221;1814&#8243; img_size=&#8221;large&#8221; alignment=&#8221;center&#8221;][\/vc_column][\/vc_row][vc_row][vc_column css=&#8221;.vc_custom_1754929982329{background-color: rgba(255,255,255,0.74) !important;*background-color: rgb(255,255,255) !important;border-radius: 35px !important;}&#8221;][vc_text_separator title=&#8221;Luciole&#8221; style=&#8221;shadow&#8221; border_width=&#8221;5&#8243;][vc_single_image image=&#8221;1249&#8243; img_size=&#8221;full&#8221; alignment=&#8221;center&#8221; style=&#8221;vc_box_outline&#8221;][vc_column_text]Luciole c\u2019est un artiste qui commence \u00e0 \u00eatre bien connu dans le monde de la jonglerie \u00e0 travers ses diff\u00e9rents projets artistiques. Que \u00e7a soit pour ses nombreux spectacles en solo, duo, trio\u2026 ou pour ses strip bd [&hellip;]<\/p>\n","protected":false},"author":2,"featured_media":2101,"parent":0,"menu_order":0,"comment_status":"closed","ping_status":"closed","template":"","meta":{"footnotes":""},"class_list":["post-34","page","type-page","status-publish","has-post-thumbnail","hentry"],"yoast_head":"<!-- This site is optimized with the Yoast SEO plugin v16.0.2 - https:\/\/yoast.com\/wordpress\/plugins\/seo\/ -->\n<title>L&#039;\u00e9quipe - Cie Vaporium<\/title>\n<meta name=\"description\" content=\"D\u00e9couvrez l&#039;\u00e9quipe de la Cie Vaporium. Jen, Tyo et Luciole : voici les artistes qui se cachent derri\u00e8re les masques de la compagnie.\" \/>\n<link rel=\"canonical\" href=\"https:\/\/test.cie-vaporium.com\/?page_id=34\" \/>\n<meta property=\"og:locale\" content=\"fr_FR\" \/>\n<meta property=\"og:type\" content=\"article\" \/>\n<meta property=\"og:title\" content=\"L&#039;\u00e9quipe - Cie Vaporium\" \/>\n<meta property=\"og:description\" content=\"D\u00e9couvrez l&#039;\u00e9quipe de la Cie Vaporium. Jen, Tyo et Luciole : voici les artistes qui se cachent derri\u00e8re les masques de la compagnie.\" \/>\n<meta property=\"og:url\" content=\"https:\/\/test.cie-vaporium.com\/?page_id=34\" \/>\n<meta property=\"og:site_name\" content=\"Cie Vaporium\" \/>\n<meta property=\"article:modified_time\" content=\"2025-08-11T16:39:05+00:00\" \/>\n<meta property=\"og:image\" content=\"https:\/\/test.cie-vaporium.com\/wp-content\/uploads\/2021\/03\/team.png\" \/>\n\t<meta property=\"og:image:width\" content=\"1000\" \/>\n\t<meta property=\"og:image:height\" content=\"715\" \/>\n<meta name=\"twitter:card\" content=\"summary\" \/>\n<meta name=\"twitter:label1\" content=\"Est. reading time\">\n\t<meta name=\"twitter:data1\" content=\"4 minutes\">\n<script type=\"application\/ld+json\" class=\"yoast-schema-graph\">{\"@context\":\"https:\/\/schema.org\",\"@graph\":[{\"@type\":\"WebSite\",\"@id\":\"https:\/\/test.cie-vaporium.com\/#website\",\"url\":\"https:\/\/test.cie-vaporium.com\/\",\"name\":\"Cie Vaporium\",\"description\":\"Votre passeport pour le fantastique\",\"potentialAction\":[{\"@type\":\"SearchAction\",\"target\":\"https:\/\/test.cie-vaporium.com\/?s={search_term_string}\",\"query-input\":\"required name=search_term_string\"}],\"inLanguage\":\"fr-FR\"},{\"@type\":\"ImageObject\",\"@id\":\"https:\/\/test.cie-vaporium.com\/?page_id=34#primaryimage\",\"inLanguage\":\"fr-FR\",\"url\":\"https:\/\/test.cie-vaporium.com\/wp-content\/uploads\/2021\/03\/team.png\",\"width\":1000,\"height\":715},{\"@type\":\"WebPage\",\"@id\":\"https:\/\/test.cie-vaporium.com\/?page_id=34#webpage\",\"url\":\"https:\/\/test.cie-vaporium.com\/?page_id=34\",\"name\":\"L'\\u00e9quipe - Cie Vaporium\",\"isPartOf\":{\"@id\":\"https:\/\/test.cie-vaporium.com\/#website\"},\"primaryImageOfPage\":{\"@id\":\"https:\/\/test.cie-vaporium.com\/?page_id=34#primaryimage\"},\"datePublished\":\"2015-12-17T15:45:41+00:00\",\"dateModified\":\"2025-08-11T16:39:05+00:00\",\"description\":\"D\\u00e9couvrez l'\\u00e9quipe de la Cie Vaporium. Jen, Tyo et Luciole : voici les artistes qui se cachent derri\\u00e8re les masques de la compagnie.\",\"breadcrumb\":{\"@id\":\"https:\/\/test.cie-vaporium.com\/?page_id=34#breadcrumb\"},\"inLanguage\":\"fr-FR\",\"potentialAction\":[{\"@type\":\"ReadAction\",\"target\":[\"https:\/\/test.cie-vaporium.com\/?page_id=34\"]}]},{\"@type\":\"BreadcrumbList\",\"@id\":\"https:\/\/test.cie-vaporium.com\/?page_id=34#breadcrumb\",\"itemListElement\":[{\"@type\":\"ListItem\",\"position\":1,\"item\":{\"@type\":\"WebPage\",\"@id\":\"https:\/\/test.cie-vaporium.com\/\",\"url\":\"https:\/\/test.cie-vaporium.com\/\",\"name\":\"Accueil\"}},{\"@type\":\"ListItem\",\"position\":2,\"item\":{\"@type\":\"WebPage\",\"@id\":\"https:\/\/test.cie-vaporium.com\/?page_id=34\",\"url\":\"https:\/\/test.cie-vaporium.com\/?page_id=34\",\"name\":\"L&#8217;\\u00e9quipe\"}}]}]}<\/script>\n<!-- \/ Yoast SEO plugin. -->","_links":{"self":[{"href":"https:\/\/test.cie-vaporium.com\/index.php?rest_route=\/wp\/v2\/pages\/34","targetHints":{"allow":["GET"]}}],"collection":[{"href":"https:\/\/test.cie-vaporium.com\/index.php?rest_route=\/wp\/v2\/pages"}],"about":[{"href":"https:\/\/test.cie-vaporium.com\/index.php?rest_route=\/wp\/v2\/types\/page"}],"author":[{"embeddable":true,"href":"https:\/\/test.cie-vaporium.com\/index.php?rest_route=\/wp\/v2\/users\/2"}],"replies":[{"embeddable":true,"href":"https:\/\/test.cie-vaporium.com\/index.php?rest_route=%2Fwp%2Fv2%2Fcomments&post=34"}],"version-history":[{"count":97,"href":"https:\/\/test.cie-vaporium.com\/index.php?rest_route=\/wp\/v2\/pages\/34\/revisions"}],"predecessor-version":[{"id":3381,"href":"https:\/\/test.cie-vaporium.com\/index.php?rest_route=\/wp\/v2\/pages\/34\/revisions\/3381"}],"wp:featuredmedia":[{"embeddable":true,"href":"https:\/\/test.cie-vaporium.com\/index.php?rest_route=\/wp\/v2\/media\/2101"}],"wp:attachment":[{"href":"https:\/\/test.cie-vaporium.com\/index.php?rest_route=%2Fwp%2Fv2%2Fmedia&parent=34"}],"curies":[{"name":"wp","href":"https:\/\/api.w.org\/{rel}","templated":true}]}}