{"id":42,"date":"2015-12-17T16:55:19","date_gmt":"2015-12-17T15:55:19","guid":{"rendered":"http:\/\/cie-vaporium.com\/?page_id=42"},"modified":"2022-01-31T16:32:03","modified_gmt":"2022-01-31T15:32:03","slug":"le-bric-a-brac","status":"publish","type":"page","link":"https:\/\/test.cie-vaporium.com\/?page_id=42","title":{"rendered":"Le bric \u00e0 brac"},"content":{"rendered":"<p>[vc_row][vc_column width=&#8221;1\/3&#8243;][vc_single_image image=&#8221;2966&#8243; img_size=&#8221;large&#8221; alignment=&#8221;center&#8221; onclick=&#8221;custom_link&#8221; css_animation=&#8221;none&#8221; link=&#8221;https:\/\/cie-vaporium.com\/les-bonnes-adresses\/&#8221;][vc_single_image image=&#8221;1814&#8243; img_size=&#8221;large&#8221; alignment=&#8221;center&#8221; onclick=&#8221;custom_link&#8221; css_animation=&#8221;none&#8221; link=&#8221;http:\/\/cie-vaporium.com\/collaborateur\/&#8221;][vc_single_image image=&#8221;2968&#8243; img_size=&#8221;large&#8221; alignment=&#8221;center&#8221; onclick=&#8221;custom_link&#8221; css_animation=&#8221;none&#8221; link=&#8221;https:\/\/test.cie-vaporium.com\/?page_id=2874&#8243;][\/vc_column][vc_column width=&#8221;1\/3&#8243;][vc_single_image image=&#8221;1821&#8243; img_size=&#8221;large&#8221; alignment=&#8221;center&#8221; onclick=&#8221;custom_link&#8221; css_animation=&#8221;none&#8221; link=&#8221;https:\/\/cie-vaporium.com\/titelune\/&#8221;][vc_single_image image=&#8221;1818&#8243; img_size=&#8221;large&#8221; alignment=&#8221;center&#8221; onclick=&#8221;custom_link&#8221; css_animation=&#8221;none&#8221; link=&#8221;http:\/\/cie-vaporium.com\/faq\/&#8221;][\/vc_column][vc_column width=&#8221;1\/3&#8243;][vc_single_image image=&#8221;3041&#8243; img_size=&#8221;large&#8221; alignment=&#8221;center&#8221; onclick=&#8221;custom_link&#8221; css_animation=&#8221;none&#8221; link=&#8221;https:\/\/cie-vaporium.com\/les-bonnes-adresses\/&#8221;][vc_single_image image=&#8221;1815&#8243; img_size=&#8221;large&#8221; alignment=&#8221;center&#8221; onclick=&#8221;custom_link&#8221; css_animation=&#8221;none&#8221; link=&#8221;https:\/\/cie-vaporium.com\/les-bonnes-adresses\/&#8221;][\/vc_column][\/vc_row]<\/p>\n","protected":false},"excerpt":{"rendered":"<p>[vc_row][vc_column width=&#8221;1\/3&#8243;][vc_single_image image=&#8221;2966&#8243; img_size=&#8221;large&#8221; alignment=&#8221;center&#8221; onclick=&#8221;custom_link&#8221; css_animation=&#8221;none&#8221; link=&#8221;https:\/\/cie-vaporium.com\/les-bonnes-adresses\/&#8221;][vc_single_image image=&#8221;1814&#8243; img_size=&#8221;large&#8221; alignment=&#8221;center&#8221; onclick=&#8221;custom_link&#8221; css_animation=&#8221;none&#8221; link=&#8221;http:\/\/cie-vaporium.com\/collaborateur\/&#8221;][vc_single_image image=&#8221;2968&#8243; img_size=&#8221;large&#8221; alignment=&#8221;center&#8221; onclick=&#8221;custom_link&#8221; css_animation=&#8221;none&#8221; link=&#8221;https:\/\/test.cie-vaporium.com\/?page_id=2874&#8243;][\/vc_column][vc_column width=&#8221;1\/3&#8243;][vc_single_image image=&#8221;1821&#8243; img_size=&#8221;large&#8221; alignment=&#8221;center&#8221; onclick=&#8221;custom_link&#8221; css_animation=&#8221;none&#8221; link=&#8221;https:\/\/cie-vaporium.com\/titelune\/&#8221;][vc_single_image image=&#8221;1818&#8243; img_size=&#8221;large&#8221; alignment=&#8221;center&#8221; onclick=&#8221;custom_link&#8221; css_animation=&#8221;none&#8221; link=&#8221;http:\/\/cie-vaporium.com\/faq\/&#8221;][\/vc_column][vc_column width=&#8221;1\/3&#8243;][vc_single_image image=&#8221;3041&#8243; img_size=&#8221;large&#8221; alignment=&#8221;center&#8221; onclick=&#8221;custom_link&#8221; css_animation=&#8221;none&#8221; link=&#8221;https:\/\/cie-vaporium.com\/les-bonnes-adresses\/&#8221;][vc_single_image image=&#8221;1815&#8243; img_size=&#8221;large&#8221; alignment=&#8221;center&#8221; onclick=&#8221;custom_link&#8221; css_animation=&#8221;none&#8221; link=&#8221;https:\/\/cie-vaporium.com\/les-bonnes-adresses\/&#8221;][\/vc_column][\/vc_row]<\/p>\n","protected":false},"author":2,"featured_media":1398,"parent":0,"menu_order":0,"comment_status":"closed","ping_status":"closed","template":"","meta":{"footnotes":""},"class_list":["post-42","page","type-page","status-publish","has-post-thumbnail","hentry"],"yoast_head":"<!-- This site is optimized with the Yoast SEO plugin v16.0.2 - https:\/\/yoast.com\/wordpress\/plugins\/seo\/ -->\n<title>Le bric \u00e0 brac - Cie Vaporium<\/title>\n<meta name=\"description\" content=\"Le bric-\u00e0-brac de la Cie Vaporium, nos artistes, nos univers, nos liens et autres bonnes adresses retrouvez tout \u00e7a dans le bric-\u00e0-brac.\" \/>\n<link rel=\"canonical\" href=\"https:\/\/test.cie-vaporium.com\/?page_id=42\" \/>\n<meta property=\"og:locale\" content=\"fr_FR\" \/>\n<meta property=\"og:type\" content=\"article\" \/>\n<meta property=\"og:title\" content=\"Le bric \u00e0 brac - Cie Vaporium\" \/>\n<meta property=\"og:description\" content=\"Le bric-\u00e0-brac de la Cie Vaporium, nos artistes, nos univers, nos liens et autres bonnes adresses retrouvez tout \u00e7a dans le bric-\u00e0-brac.\" \/>\n<meta property=\"og:url\" content=\"https:\/\/test.cie-vaporium.com\/?page_id=42\" \/>\n<meta property=\"og:site_name\" content=\"Cie Vaporium\" \/>\n<meta property=\"article:modified_time\" content=\"2022-01-31T15:32:03+00:00\" \/>\n<meta property=\"og:image\" content=\"https:\/\/test.cie-vaporium.com\/wp-content\/uploads\/2021\/02\/logo-vierge-ti-ti-petit.png\" \/>\n\t<meta property=\"og:image:width\" content=\"150\" \/>\n\t<meta property=\"og:image:height\" content=\"150\" \/>\n<meta name=\"twitter:card\" content=\"summary\" \/>\n<meta name=\"twitter:label1\" content=\"Est. reading time\">\n\t<meta name=\"twitter:data1\" content=\"1 minute\">\n<script type=\"application\/ld+json\" class=\"yoast-schema-graph\">{\"@context\":\"https:\/\/schema.org\",\"@graph\":[{\"@type\":\"WebSite\",\"@id\":\"https:\/\/test.cie-vaporium.com\/#website\",\"url\":\"https:\/\/test.cie-vaporium.com\/\",\"name\":\"Cie Vaporium\",\"description\":\"Votre passeport pour le fantastique\",\"potentialAction\":[{\"@type\":\"SearchAction\",\"target\":\"https:\/\/test.cie-vaporium.com\/?s={search_term_string}\",\"query-input\":\"required name=search_term_string\"}],\"inLanguage\":\"fr-FR\"},{\"@type\":\"ImageObject\",\"@id\":\"https:\/\/test.cie-vaporium.com\/?page_id=42#primaryimage\",\"inLanguage\":\"fr-FR\",\"url\":\"https:\/\/test.cie-vaporium.com\/wp-content\/uploads\/2021\/02\/logo-vierge-ti-ti-petit.png\",\"width\":150,\"height\":150},{\"@type\":\"WebPage\",\"@id\":\"https:\/\/test.cie-vaporium.com\/?page_id=42#webpage\",\"url\":\"https:\/\/test.cie-vaporium.com\/?page_id=42\",\"name\":\"Le bric \\u00e0 brac - Cie Vaporium\",\"isPartOf\":{\"@id\":\"https:\/\/test.cie-vaporium.com\/#website\"},\"primaryImageOfPage\":{\"@id\":\"https:\/\/test.cie-vaporium.com\/?page_id=42#primaryimage\"},\"datePublished\":\"2015-12-17T15:55:19+00:00\",\"dateModified\":\"2022-01-31T15:32:03+00:00\",\"description\":\"Le bric-\\u00e0-brac de la Cie Vaporium, nos artistes, nos univers, nos liens et autres bonnes adresses retrouvez tout \\u00e7a dans le bric-\\u00e0-brac.\",\"breadcrumb\":{\"@id\":\"https:\/\/test.cie-vaporium.com\/?page_id=42#breadcrumb\"},\"inLanguage\":\"fr-FR\",\"potentialAction\":[{\"@type\":\"ReadAction\",\"target\":[\"https:\/\/test.cie-vaporium.com\/?page_id=42\"]}]},{\"@type\":\"BreadcrumbList\",\"@id\":\"https:\/\/test.cie-vaporium.com\/?page_id=42#breadcrumb\",\"itemListElement\":[{\"@type\":\"ListItem\",\"position\":1,\"item\":{\"@type\":\"WebPage\",\"@id\":\"https:\/\/test.cie-vaporium.com\/\",\"url\":\"https:\/\/test.cie-vaporium.com\/\",\"name\":\"Accueil\"}},{\"@type\":\"ListItem\",\"position\":2,\"item\":{\"@type\":\"WebPage\",\"@id\":\"https:\/\/test.cie-vaporium.com\/?page_id=42\",\"url\":\"https:\/\/test.cie-vaporium.com\/?page_id=42\",\"name\":\"Le bric \\u00e0 brac\"}}]}]}<\/script>\n<!-- \/ Yoast SEO plugin. -->","_links":{"self":[{"href":"https:\/\/test.cie-vaporium.com\/index.php?rest_route=\/wp\/v2\/pages\/42","targetHints":{"allow":["GET"]}}],"collection":[{"href":"https:\/\/test.cie-vaporium.com\/index.php?rest_route=\/wp\/v2\/pages"}],"about":[{"href":"https:\/\/test.cie-vaporium.com\/index.php?rest_route=\/wp\/v2\/types\/page"}],"author":[{"embeddable":true,"href":"https:\/\/test.cie-vaporium.com\/index.php?rest_route=\/wp\/v2\/users\/2"}],"replies":[{"embeddable":true,"href":"https:\/\/test.cie-vaporium.com\/index.php?rest_route=%2Fwp%2Fv2%2Fcomments&post=42"}],"version-history":[{"count":56,"href":"https:\/\/test.cie-vaporium.com\/index.php?rest_route=\/wp\/v2\/pages\/42\/revisions"}],"predecessor-version":[{"id":3225,"href":"https:\/\/test.cie-vaporium.com\/index.php?rest_route=\/wp\/v2\/pages\/42\/revisions\/3225"}],"wp:featuredmedia":[{"embeddable":true,"href":"https:\/\/test.cie-vaporium.com\/index.php?rest_route=\/wp\/v2\/media\/1398"}],"wp:attachment":[{"href":"https:\/\/test.cie-vaporium.com\/index.php?rest_route=%2Fwp%2Fv2%2Fmedia&parent=42"}],"curies":[{"name":"wp","href":"https:\/\/api.w.org\/{rel}","templated":true}]}}