{"id":44,"date":"2015-12-17T16:56:37","date_gmt":"2015-12-17T15:56:37","guid":{"rendered":"http:\/\/cie-vaporium.com\/?page_id=44"},"modified":"2022-02-01T12:08:01","modified_gmt":"2022-02-01T11:08:01","slug":"les-bonnes-adresses","status":"publish","type":"page","link":"https:\/\/test.cie-vaporium.com\/?page_id=44","title":{"rendered":"Les bonnes adresses"},"content":{"rendered":"<p>[vc_row][vc_column][vc_single_image image=&#8221;1815&#8243; img_size=&#8221;large&#8221; alignment=&#8221;center&#8221;][\/vc_column][\/vc_row][vc_row][vc_column css=&#8221;.vc_custom_1643713660783{background-color: #000000 !important;border-radius: 35px !important;}&#8221;][vc_text_separator title=&#8221;Retrouvez nous sur les r\u00e9seaux sociaux&#8221; style=&#8221;shadow&#8221; border_width=&#8221;5&#8243;][vc_btn title=&#8221;Facebook&#8221; style=&#8221;3d&#8221; color=&#8221;sky&#8221; size=&#8221;lg&#8221; align=&#8221;center&#8221; css_animation=&#8221;bounceIn&#8221; link=&#8221;url:https%3A%2F%2Fwww.facebook.com%2Fcievaporium|title:facebook|target:%20_blank|&#8221;][vc_btn title=&#8221;Instagram&#8221; style=&#8221;3d&#8221; color=&#8221;warning&#8221; size=&#8221;lg&#8221; align=&#8221;center&#8221; css_animation=&#8221;bounceIn&#8221; link=&#8221;url:https%3A%2F%2Fwww.instagram.com%2Fcie.vaporium%2F|title:instagram|target:%20_blank|&#8221;][vc_empty_space height=&#8221;5px&#8221;][vc_empty_space height=&#8221;5px&#8221;][\/vc_column][\/vc_row][vc_row][vc_column][vc_empty_space][\/vc_column][\/vc_row][vc_row][vc_column css=&#8221;.vc_custom_1643713647262{background-color: #000000 !important;border-radius: 35px !important;}&#8221;][vc_text_separator title=&#8221;Nos collaborateurs&#8221; style=&#8221;shadow&#8221; border_width=&#8221;5&#8243;][vc_column_text]<\/p>\n<p style=\"text-align: center;\"><span style=\"font-size: 18pt; color: #ffffff;\"><strong><u><a style=\"color: #ffffff;\">notre \u00e9quipe :<\/a><\/u><\/strong><\/span><\/p>\n<p style=\"text-align: center;\"><span style=\"font-size: 14pt; color: #ffffff;\"><a style=\"color: #ffffff;\" href=\"https:\/\/www.facebook.com\/atelierminamonsterfactory\" target=\"_blank\" rel=\"noopener\">Atelier Mina Monster <\/a>by jen (masques et accessoires)<br \/>\n<a style=\"color: #ffffff;\" href=\"https:\/\/www.facebook.com\/les.couleurs.de.la.luciole\" target=\"_blank\" rel=\"noopener\">Les couleurs de la lucioles<\/a> by luciole (strip bd)\u00a0<\/span><\/p>\n<p style=\"text-align: center;\"><span style=\"font-size: 18pt; color: #ffffff;\"><strong><u><a style=\"color: #ffffff;\">Photographes et vid\u00e9astes :<\/a><\/u><\/strong><\/span><\/p>\n<p style=\"text-align: center;\"><span style=\"font-size: 14pt; color: #ffffff;\"><a style=\"color: #ffffff;\" href=\"https:\/\/elryshka.wixsite.com\/elryshka-art\" target=\"_blank\" rel=\"noopener\">Elryska Art<\/a><\/span><\/p>\n<p style=\"text-align: center;\"><span style=\"font-size: 14pt; color: #ffffff;\"><a style=\"color: #ffffff;\" href=\"https:\/\/millau-communication.com\/\" target=\"_blank\" rel=\"noopener\">Millau communication<\/a><\/span><\/p>\n<p style=\"text-align: center;\"><span style=\"font-size: 14pt; color: #ffffff;\"><a style=\"color: #ffffff;\" href=\"https:\/\/warpedgalerie.com\/\" target=\"_blank\" rel=\"noopener\">Warped Prod<\/a><\/span><\/p>\n<p style=\"text-align: center;\"><span style=\"font-size: 14pt; color: #ffffff;\"><a style=\"color: #ffffff;\" href=\"https:\/\/www.facebook.com\/SvenPhotographyes\/\" target=\"_blank\" rel=\"noopener\">Sven Photographyes<\/a><\/span><\/p>\n<p style=\"text-align: center;\"><span style=\"font-size: 18pt; color: #ffffff;\"><strong><u><a style=\"color: #ffffff;\">Site web\u00a0:<\/a><\/u><\/strong><\/span><\/p>\n<p style=\"text-align: center;\"><span style=\"font-size: 14pt; color: #ffffff;\"><a style=\"color: #ffffff;\" href=\"http:\/\/www.henry-morgan.pro\/\" target=\"_blank\" rel=\"noopener\">Henry Morgan<\/a><\/span><\/p>\n<p>[\/vc_column_text][\/vc_column][\/vc_row][vc_row][vc_column][vc_empty_space][\/vc_column][\/vc_row][vc_row][vc_column css=&#8221;.vc_custom_1643713634549{background-color: #000000 !important;border-radius: 35px !important;}&#8221;][vc_text_separator title=&#8221;de bonnes adresses&#8221; style=&#8221;shadow&#8221; border_width=&#8221;5&#8243;][vc_column_text]<\/p>\n<p style=\"text-align: center;\"><span style=\"font-size: 14pt; color: #fffff;\"><a style=\"color: #ffffff;\" href=\"https:\/\/www.mathieucoudray.com\/\" target=\"_blank\" rel=\"noopener\">Mathieu Coudray<\/a> (illustrateur fantastique)<\/span><\/p>\n<p style=\"text-align: center;\"><span style=\"font-size: 14pt; color: #fffff;\"><a style=\"color: #ffffff;\" href=\"https:\/\/cantuscorvi.bandcamp.com\/\" target=\"_blank\" rel=\"noopener\">Cantus Corvi<\/a> (musique pirate\/med)<\/span><\/p>\n<p style=\"text-align: center;\"><span style=\"font-size: 14pt; color: #fffff;\"><a style=\"color: #ffffff;\" href=\"https:\/\/www.facebook.com\/atelierchazard\/?ref=page_internal\" target=\"_blank\" rel=\"noopener\">Atelier Chazard<\/a> (concepteur d&#8217;aventures)<\/span><\/p>\n<p style=\"text-align: center;\"><span style=\"font-size: 14pt; color: #fffff;\"><a style=\"color: #ffffff;\" href=\"https:\/\/www.astier-illusionniste.com\/\" target=\"_blank\" rel=\"noopener\">Astier industrie<\/a> (magicien qui sort de l&#8217;ordinaire)<\/span><\/p>\n<p>[\/vc_column_text][\/vc_column][\/vc_row][vc_row][vc_column][vc_empty_space][\/vc_column][\/vc_row][vc_row][vc_column css=&#8221;.vc_custom_1643713617907{background-color: #000000 !important;border-radius: 35px !important;}&#8221;][vc_text_separator title=&#8221;quelques artisans \u00e0 d\u00e9couvrir&#8221; style=&#8221;shadow&#8221; border_width=&#8221;5&#8243;][vc_column_text]<\/p>\n<p style=\"text-align: center;\"><span style=\"font-size: 14pt; color: #ffffff;\"><a style=\"color: #ffffff;\" href=\"https:\/\/www.facebook.com\/atelierdesflammesnoires\" target=\"_blank\" rel=\"noopener\">L&#8217;Atelier des Flammes Noires<\/a> (artisan cosplay)<br \/>\n<\/span><\/p>\n<p style=\"text-align: center;\"><span style=\"font-size: 14pt; color: #ffffff;\"><a style=\"color: #ffffff;\" href=\"https:\/\/www.atelierterranostra.net\/fr\/\" target=\"_blank\" rel=\"noopener\">L&#8217;Atelier Terra Nostra<\/a> (Bijoutier)<\/span><\/p>\n<p style=\"text-align: center;\"><span style=\"font-size: 14pt; color: #ffffff;\"><a style=\"color: #ffffff;\" href=\"https:\/\/www.atelierduchaspitre.com\/\" target=\"_blank\" rel=\"noopener\">L&#8217;Atelier du Chat Pitre<\/a> (artisan cuir)<\/span><\/p>\n<p style=\"text-align: center;\"><span style=\"font-size: 14pt; color: #ffffff;\"><a style=\"color: #ffffff;\" href=\"https:\/\/www.lalunecramoisie.com\/\" target=\"_blank\" rel=\"noopener\">L&#8217;Atelier de la lune cramoisie<\/a> (masque cuir)<\/span><\/p>\n<p style=\"text-align: center;\"><span style=\"font-size: 14pt; color: #ffffff;\"><a style=\"color: #ffffff;\" href=\"https:\/\/www.facebook.com\/Experimentalys\" target=\"_blank\" rel=\"noopener\">Experimentalys<\/a> (artisan cuir)<\/span><\/p>\n<p>[\/vc_column_text][\/vc_column][\/vc_row]<\/p>\n","protected":false},"excerpt":{"rendered":"<p>[vc_row][vc_column][vc_single_image image=&#8221;1815&#8243; img_size=&#8221;large&#8221; alignment=&#8221;center&#8221;][\/vc_column][\/vc_row][vc_row][vc_column css=&#8221;.vc_custom_1643713660783{background-color: #000000 !important;border-radius: 35px !important;}&#8221;][vc_text_separator title=&#8221;Retrouvez nous sur les r\u00e9seaux sociaux&#8221; style=&#8221;shadow&#8221; border_width=&#8221;5&#8243;][vc_btn title=&#8221;Facebook&#8221; style=&#8221;3d&#8221; color=&#8221;sky&#8221; size=&#8221;lg&#8221; align=&#8221;center&#8221; css_animation=&#8221;bounceIn&#8221; link=&#8221;url:https%3A%2F%2Fwww.facebook.com%2Fcievaporium|title:facebook|target:%20_blank|&#8221;][vc_btn title=&#8221;Instagram&#8221; style=&#8221;3d&#8221; color=&#8221;warning&#8221; size=&#8221;lg&#8221; align=&#8221;center&#8221; css_animation=&#8221;bounceIn&#8221; link=&#8221;url:https%3A%2F%2Fwww.instagram.com%2Fcie.vaporium%2F|title:instagram|target:%20_blank|&#8221;][vc_empty_space height=&#8221;5px&#8221;][vc_empty_space height=&#8221;5px&#8221;][\/vc_column][\/vc_row][vc_row][vc_column][vc_empty_space][\/vc_column][\/vc_row][vc_row][vc_column css=&#8221;.vc_custom_1643713647262{background-color: #000000 !important;border-radius: 35px !important;}&#8221;][vc_text_separator title=&#8221;Nos collaborateurs&#8221; style=&#8221;shadow&#8221; border_width=&#8221;5&#8243;][vc_column_text] notre \u00e9quipe : Atelier Mina Monster by jen (masques et accessoires) Les couleurs [&hellip;]<\/p>\n","protected":false},"author":2,"featured_media":1815,"parent":0,"menu_order":0,"comment_status":"closed","ping_status":"closed","template":"","meta":{"footnotes":""},"class_list":["post-44","page","type-page","status-publish","has-post-thumbnail","hentry"],"yoast_head":"<!-- This site is optimized with the Yoast SEO plugin v16.0.2 - https:\/\/yoast.com\/wordpress\/plugins\/seo\/ -->\n<title>Les bonnes adresses - Cie Vaporium<\/title>\n<meta name=\"description\" content=\"O\u00f9 trouver les liens vers les pages web des copains et collaborateurs de la Cie vaporium. Pas mal de bonnes adresses \u00e0 d\u00e9couvrir.\" \/>\n<link rel=\"canonical\" href=\"https:\/\/test.cie-vaporium.com\/?page_id=44\" \/>\n<meta property=\"og:locale\" content=\"fr_FR\" \/>\n<meta property=\"og:type\" content=\"article\" \/>\n<meta property=\"og:title\" content=\"Les bonnes adresses - Cie Vaporium\" \/>\n<meta property=\"og:description\" content=\"O\u00f9 trouver les liens vers les pages web des copains et collaborateurs de la Cie vaporium. Pas mal de bonnes adresses \u00e0 d\u00e9couvrir.\" \/>\n<meta property=\"og:url\" content=\"https:\/\/test.cie-vaporium.com\/?page_id=44\" \/>\n<meta property=\"og:site_name\" content=\"Cie Vaporium\" \/>\n<meta property=\"article:modified_time\" content=\"2022-02-01T11:08:01+00:00\" \/>\n<meta property=\"og:image\" content=\"https:\/\/test.cie-vaporium.com\/wp-content\/uploads\/2021\/03\/bric-a-brac-nos-liens.png\" \/>\n\t<meta property=\"og:image:width\" content=\"1000\" \/>\n\t<meta property=\"og:image:height\" content=\"715\" \/>\n<meta name=\"twitter:card\" content=\"summary\" \/>\n<meta name=\"twitter:label1\" content=\"Est. reading time\">\n\t<meta name=\"twitter:data1\" content=\"2 minutes\">\n<script type=\"application\/ld+json\" class=\"yoast-schema-graph\">{\"@context\":\"https:\/\/schema.org\",\"@graph\":[{\"@type\":\"WebSite\",\"@id\":\"https:\/\/test.cie-vaporium.com\/#website\",\"url\":\"https:\/\/test.cie-vaporium.com\/\",\"name\":\"Cie Vaporium\",\"description\":\"Votre passeport pour le fantastique\",\"potentialAction\":[{\"@type\":\"SearchAction\",\"target\":\"https:\/\/test.cie-vaporium.com\/?s={search_term_string}\",\"query-input\":\"required name=search_term_string\"}],\"inLanguage\":\"fr-FR\"},{\"@type\":\"ImageObject\",\"@id\":\"https:\/\/test.cie-vaporium.com\/?page_id=44#primaryimage\",\"inLanguage\":\"fr-FR\",\"url\":\"https:\/\/test.cie-vaporium.com\/wp-content\/uploads\/2021\/03\/bric-a-brac-nos-liens.png\",\"width\":1000,\"height\":715},{\"@type\":\"WebPage\",\"@id\":\"https:\/\/test.cie-vaporium.com\/?page_id=44#webpage\",\"url\":\"https:\/\/test.cie-vaporium.com\/?page_id=44\",\"name\":\"Les bonnes adresses - Cie Vaporium\",\"isPartOf\":{\"@id\":\"https:\/\/test.cie-vaporium.com\/#website\"},\"primaryImageOfPage\":{\"@id\":\"https:\/\/test.cie-vaporium.com\/?page_id=44#primaryimage\"},\"datePublished\":\"2015-12-17T15:56:37+00:00\",\"dateModified\":\"2022-02-01T11:08:01+00:00\",\"description\":\"O\\u00f9 trouver les liens vers les pages web des copains et collaborateurs de la Cie vaporium. Pas mal de bonnes adresses \\u00e0 d\\u00e9couvrir.\",\"breadcrumb\":{\"@id\":\"https:\/\/test.cie-vaporium.com\/?page_id=44#breadcrumb\"},\"inLanguage\":\"fr-FR\",\"potentialAction\":[{\"@type\":\"ReadAction\",\"target\":[\"https:\/\/test.cie-vaporium.com\/?page_id=44\"]}]},{\"@type\":\"BreadcrumbList\",\"@id\":\"https:\/\/test.cie-vaporium.com\/?page_id=44#breadcrumb\",\"itemListElement\":[{\"@type\":\"ListItem\",\"position\":1,\"item\":{\"@type\":\"WebPage\",\"@id\":\"https:\/\/test.cie-vaporium.com\/\",\"url\":\"https:\/\/test.cie-vaporium.com\/\",\"name\":\"Accueil\"}},{\"@type\":\"ListItem\",\"position\":2,\"item\":{\"@type\":\"WebPage\",\"@id\":\"https:\/\/test.cie-vaporium.com\/?page_id=44\",\"url\":\"https:\/\/test.cie-vaporium.com\/?page_id=44\",\"name\":\"Les bonnes adresses\"}}]}]}<\/script>\n<!-- \/ Yoast SEO plugin. -->","_links":{"self":[{"href":"https:\/\/test.cie-vaporium.com\/index.php?rest_route=\/wp\/v2\/pages\/44","targetHints":{"allow":["GET"]}}],"collection":[{"href":"https:\/\/test.cie-vaporium.com\/index.php?rest_route=\/wp\/v2\/pages"}],"about":[{"href":"https:\/\/test.cie-vaporium.com\/index.php?rest_route=\/wp\/v2\/types\/page"}],"author":[{"embeddable":true,"href":"https:\/\/test.cie-vaporium.com\/index.php?rest_route=\/wp\/v2\/users\/2"}],"replies":[{"embeddable":true,"href":"https:\/\/test.cie-vaporium.com\/index.php?rest_route=%2Fwp%2Fv2%2Fcomments&post=44"}],"version-history":[{"count":82,"href":"https:\/\/test.cie-vaporium.com\/index.php?rest_route=\/wp\/v2\/pages\/44\/revisions"}],"predecessor-version":[{"id":3270,"href":"https:\/\/test.cie-vaporium.com\/index.php?rest_route=\/wp\/v2\/pages\/44\/revisions\/3270"}],"wp:featuredmedia":[{"embeddable":true,"href":"https:\/\/test.cie-vaporium.com\/index.php?rest_route=\/wp\/v2\/media\/1815"}],"wp:attachment":[{"href":"https:\/\/test.cie-vaporium.com\/index.php?rest_route=%2Fwp%2Fv2%2Fmedia&parent=44"}],"curies":[{"name":"wp","href":"https:\/\/api.w.org\/{rel}","templated":true}]}}