{"id":615,"date":"2018-03-24T15:58:34","date_gmt":"2018-03-24T14:58:34","guid":{"rendered":"http:\/\/cie-vaporium.com\/?page_id=615"},"modified":"2025-08-11T17:36:31","modified_gmt":"2025-08-11T16:36:31","slug":"devis","status":"publish","type":"page","link":"https:\/\/test.cie-vaporium.com\/?page_id=615","title":{"rendered":"Devis et contact"},"content":{"rendered":"<p>[vc_row css=&#8221;.vc_custom_1754929790993{background-color: rgba(255,255,255,0.75) !important;*background-color: rgb(255,255,255) !important;border-radius: 35px !important;}&#8221;][vc_column][vc_empty_space height=&#8221;30px&#8221;][vc_text_separator title=&#8221;Nous contacter&#8221; style=&#8221;shadow&#8221; border_width=&#8221;5&#8243;][vc_column_text css=&#8221;.vc_custom_1754929867513{padding-top: 20px !important;}&#8221;]<\/p>\n<p style=\"text-align: center; font-size: 25PX; color: black;\"><span style=\"color: #000000;\">06.51.41.69.21<\/span><\/p>\n<p>[\/vc_column_text][vc_column_text css=&#8221;.vc_custom_1754929855746{padding-top: 30px !important;}&#8221;]<\/p>\n<p style=\"text-align: center; font-size: 25PX;\"><span style=\"color: #000000;\"><a style=\"color: #000000;\" href=\"mailto:cie.vaporium@hotmail.com\">cie.vaporium@hotmail.com<\/a><\/span><\/p>\n<p>[\/vc_column_text][vc_column_text]<\/p>\n<p style=\"text-align: center; font-size: 20PX;\">Notre d\u00e9vou\u00e9e gnome secr\u00e9taire se fera un plaisir de r\u00e9pondre \u00e0 toutes vos questions et vous fournir tous les documents techniques et administratifs n\u00e9cessaires \u00e0 notre intervention.<\/p>\n<p style=\"text-align: center; font-size: 20PX;\">Sa tani\u00e8re est ouverte du lundi au vendredi, de 10h \u00e0 20h.<\/p>\n<p>[\/vc_column_text][\/vc_column][\/vc_row][vc_row][vc_column][vc_empty_space][\/vc_column][\/vc_row][vc_row css=&#8221;.vc_custom_1754929832338{background-color: rgba(247,247,247,0.77) !important;*background-color: rgb(247,247,247) !important;border-radius: 35px !important;}&#8221;][vc_column][vc_empty_space][vc_text_separator title=&#8221;Si vous souhaitez recevoir un devis ou \u00eatre contact\u00e9 par notre \u00e9quipe&#8221; style=&#8221;shadow&#8221; border_width=&#8221;5&#8243;]<div role=\"form\" class=\"wpcf7\" id=\"wpcf7-f4-o1\" lang=\"fr-FR\" dir=\"ltr\">\n<div class=\"screen-reader-response\"><p role=\"status\" aria-live=\"polite\" aria-atomic=\"true\"><\/p> <ul><\/ul><\/div>\n<form action=\"\/index.php?rest_route=%2Fwp%2Fv2%2Fpages%2F615#wpcf7-f4-o1\" method=\"post\" class=\"wpcf7-form init\" novalidate=\"novalidate\" data-status=\"init\">\n<div style=\"display: none;\">\n<input type=\"hidden\" name=\"_wpcf7\" value=\"4\" \/>\n<input type=\"hidden\" name=\"_wpcf7_version\" value=\"5.4\" \/>\n<input type=\"hidden\" name=\"_wpcf7_locale\" value=\"fr_FR\" \/>\n<input type=\"hidden\" name=\"_wpcf7_unit_tag\" value=\"wpcf7-f4-o1\" \/>\n<input type=\"hidden\" name=\"_wpcf7_container_post\" value=\"0\" \/>\n<input type=\"hidden\" name=\"_wpcf7_posted_data_hash\" value=\"\" \/>\n<input type=\"hidden\" name=\"_wpcf7_recaptcha_response\" value=\"\" \/>\n<\/div>\n<p>Votre nom (obligatoire)<br \/>\n    <span class=\"wpcf7-form-control-wrap textnom-649\"><input type=\"text\" name=\"textnom-649\" value=\"\" size=\"40\" class=\"wpcf7-form-control wpcf7-text\" aria-invalid=\"false\" \/><\/span> <\/p>\n<p>Votre email (obligatoire)<br \/>\n    <span class=\"wpcf7-form-control-wrap email-262\"><input type=\"email\" name=\"email-262\" value=\"\" size=\"40\" class=\"wpcf7-form-control wpcf7-text wpcf7-email wpcf7-validates-as-email\" aria-invalid=\"false\" \/><\/span> <\/p>\n<p>T\u00e9l\u00e9phone<br \/>\n    <span class=\"wpcf7-form-control-wrap text-754\"><input type=\"text\" name=\"text-754\" value=\"\" size=\"40\" class=\"wpcf7-form-control wpcf7-text\" aria-invalid=\"false\" \/><\/span> <\/p>\n<p>Nom de l'\u00e9v\u00e9nement<br \/>\n    <span class=\"wpcf7-form-control-wrap text-755\"><input type=\"text\" name=\"text-755\" value=\"\" size=\"40\" class=\"wpcf7-form-control wpcf7-text\" aria-invalid=\"false\" \/><\/span> <\/p>\n<p>Lieu de l'\u00e9v\u00e9nement <br \/>\n    <span class=\"wpcf7-form-control-wrap text-756\"><input type=\"text\" name=\"text-756\" value=\"\" size=\"40\" class=\"wpcf7-form-control wpcf7-text\" aria-invalid=\"false\" \/><\/span> <\/p>\n<p>Date de l'\u00e9v\u00e9nement<br \/>\n    <span class=\"wpcf7-form-control-wrap text-757\"><input type=\"text\" name=\"text-757\" value=\"\" size=\"40\" class=\"wpcf7-form-control wpcf7-text\" aria-invalid=\"false\" \/><\/span> <\/p>\n<p>Type d'animation souhait\u00e9 : <br \/>\n<span class=\"wpcf7-form-control-wrap checkbox-901\"><span class=\"wpcf7-form-control wpcf7-checkbox\"><span class=\"wpcf7-list-item first\"><input type=\"checkbox\" name=\"checkbox-901[]\" value=\"spectacle PORTAL\" \/><span class=\"wpcf7-list-item-label\">spectacle PORTAL<\/span><\/span><span class=\"wpcf7-list-item\"><input type=\"checkbox\" name=\"checkbox-901[]\" value=\"d\u00e9ambulation\" \/><span class=\"wpcf7-list-item-label\">d\u00e9ambulation<\/span><\/span><span class=\"wpcf7-list-item\"><input type=\"checkbox\" name=\"checkbox-901[]\" value=\"performance jongle feu\" \/><span class=\"wpcf7-list-item-label\">performance jongle feu<\/span><\/span><span class=\"wpcf7-list-item last\"><input type=\"checkbox\" name=\"checkbox-901[]\" value=\"performance jongle lumi\" \/><span class=\"wpcf7-list-item-label\">performance jongle lumi<\/span><\/span><\/span><\/span><\/p>\n<p>Th\u00e8me souhait\u00e9 : <br \/>\n<span class=\"wpcf7-form-control-wrap checkbox-900\"><span class=\"wpcf7-form-control wpcf7-checkbox\"><span class=\"wpcf7-list-item first\"><input type=\"checkbox\" name=\"checkbox-900[]\" value=\"Chats d&#039;outre monde\" \/><span class=\"wpcf7-list-item-label\">Chats d&#039;outre monde<\/span><\/span><span class=\"wpcf7-list-item\"><input type=\"checkbox\" name=\"checkbox-900[]\" value=\"Wonderland\" \/><span class=\"wpcf7-list-item-label\">Wonderland<\/span><\/span><span class=\"wpcf7-list-item\"><input type=\"checkbox\" name=\"checkbox-900[]\" value=\"Lutin samedi\" \/><span class=\"wpcf7-list-item-label\">Lutin samedi<\/span><\/span><span class=\"wpcf7-list-item last\"><input type=\"checkbox\" name=\"checkbox-900[]\" value=\"Dahutanes\" \/><span class=\"wpcf7-list-item-label\">Dahutanes<\/span><\/span><\/span><\/span><\/p>\n<p>Si vous souhaitez ajouter un petit mot : <br \/>\n   <span class=\"wpcf7-form-control-wrap textarea-104\"><textarea name=\"textarea-104\" cols=\"40\" rows=\"10\" class=\"wpcf7-form-control wpcf7-textarea\" aria-invalid=\"false\"><\/textarea><\/span><\/p>\n\n<p><input type=\"submit\" value=\"Envoyer\" class=\"wpcf7-form-control wpcf7-submit\" \/><\/p>\n<div class=\"wpcf7-response-output\" aria-hidden=\"true\"><\/div><\/form><\/div>[\/vc_column][\/vc_row]<\/p>\n","protected":false},"excerpt":{"rendered":"<p>[vc_row css=&#8221;.vc_custom_1754929790993{background-color: rgba(255,255,255,0.75) !important;*background-color: rgb(255,255,255) !important;border-radius: 35px !important;}&#8221;][vc_column][vc_empty_space height=&#8221;30px&#8221;][vc_text_separator title=&#8221;Nous contacter&#8221; style=&#8221;shadow&#8221; border_width=&#8221;5&#8243;][vc_column_text css=&#8221;.vc_custom_1754929867513{padding-top: 20px !important;}&#8221;] 06.51.41.69.21 [\/vc_column_text][vc_column_text css=&#8221;.vc_custom_1754929855746{padding-top: 30px !important;}&#8221;] cie.vaporium@hotmail.com [\/vc_column_text][vc_column_text] Notre d\u00e9vou\u00e9e gnome secr\u00e9taire se fera un plaisir de r\u00e9pondre \u00e0 toutes vos questions et vous fournir tous les documents techniques et administratifs n\u00e9cessaires \u00e0 notre intervention. Sa tani\u00e8re est ouverte du [&hellip;]<\/p>\n","protected":false},"author":3,"featured_media":2012,"parent":0,"menu_order":0,"comment_status":"closed","ping_status":"closed","template":"","meta":{"footnotes":""},"class_list":["post-615","page","type-page","status-publish","has-post-thumbnail","hentry"],"yoast_head":"<!-- This site is optimized with the Yoast SEO plugin v16.0.2 - https:\/\/yoast.com\/wordpress\/plugins\/seo\/ -->\n<title>Devis et contact - Cie Vaporium<\/title>\n<meta name=\"description\" content=\"Besoin d&#039;un devis pour nos animations ? Remplissez ce petit formulaire et nous vous contacterons aussi vite que possible.\" \/>\n<link rel=\"canonical\" href=\"https:\/\/test.cie-vaporium.com\/?page_id=615\" \/>\n<meta property=\"og:locale\" content=\"fr_FR\" \/>\n<meta property=\"og:type\" content=\"article\" \/>\n<meta property=\"og:title\" content=\"Devis et contact - Cie Vaporium\" \/>\n<meta property=\"og:description\" content=\"Besoin d&#039;un devis pour nos animations ? Remplissez ce petit formulaire et nous vous contacterons aussi vite que possible.\" \/>\n<meta property=\"og:url\" content=\"https:\/\/test.cie-vaporium.com\/?page_id=615\" \/>\n<meta property=\"og:site_name\" content=\"Cie Vaporium\" \/>\n<meta property=\"article:modified_time\" content=\"2025-08-11T16:36:31+00:00\" \/>\n<meta property=\"og:image\" content=\"https:\/\/test.cie-vaporium.com\/wp-content\/uploads\/2021\/03\/lutin-jongleur-lumineux-et-echasses-4.jpg\" \/>\n\t<meta property=\"og:image:width\" content=\"667\" \/>\n\t<meta property=\"og:image:height\" content=\"1000\" \/>\n<meta name=\"twitter:card\" content=\"summary\" \/>\n<meta name=\"twitter:label1\" content=\"Est. reading time\">\n\t<meta name=\"twitter:data1\" content=\"1 minute\">\n<script type=\"application\/ld+json\" class=\"yoast-schema-graph\">{\"@context\":\"https:\/\/schema.org\",\"@graph\":[{\"@type\":\"WebSite\",\"@id\":\"https:\/\/test.cie-vaporium.com\/#website\",\"url\":\"https:\/\/test.cie-vaporium.com\/\",\"name\":\"Cie Vaporium\",\"description\":\"Votre passeport pour le fantastique\",\"potentialAction\":[{\"@type\":\"SearchAction\",\"target\":\"https:\/\/test.cie-vaporium.com\/?s={search_term_string}\",\"query-input\":\"required name=search_term_string\"}],\"inLanguage\":\"fr-FR\"},{\"@type\":\"ImageObject\",\"@id\":\"https:\/\/test.cie-vaporium.com\/?page_id=615#primaryimage\",\"inLanguage\":\"fr-FR\",\"url\":\"https:\/\/test.cie-vaporium.com\/wp-content\/uploads\/2021\/03\/lutin-jongleur-lumineux-et-echasses-4.jpg\",\"width\":667,\"height\":1000},{\"@type\":\"WebPage\",\"@id\":\"https:\/\/test.cie-vaporium.com\/?page_id=615#webpage\",\"url\":\"https:\/\/test.cie-vaporium.com\/?page_id=615\",\"name\":\"Devis et contact - Cie Vaporium\",\"isPartOf\":{\"@id\":\"https:\/\/test.cie-vaporium.com\/#website\"},\"primaryImageOfPage\":{\"@id\":\"https:\/\/test.cie-vaporium.com\/?page_id=615#primaryimage\"},\"datePublished\":\"2018-03-24T14:58:34+00:00\",\"dateModified\":\"2025-08-11T16:36:31+00:00\",\"description\":\"Besoin d'un devis pour nos animations ? Remplissez ce petit formulaire et nous vous contacterons aussi vite que possible.\",\"breadcrumb\":{\"@id\":\"https:\/\/test.cie-vaporium.com\/?page_id=615#breadcrumb\"},\"inLanguage\":\"fr-FR\",\"potentialAction\":[{\"@type\":\"ReadAction\",\"target\":[\"https:\/\/test.cie-vaporium.com\/?page_id=615\"]}]},{\"@type\":\"BreadcrumbList\",\"@id\":\"https:\/\/test.cie-vaporium.com\/?page_id=615#breadcrumb\",\"itemListElement\":[{\"@type\":\"ListItem\",\"position\":1,\"item\":{\"@type\":\"WebPage\",\"@id\":\"https:\/\/test.cie-vaporium.com\/\",\"url\":\"https:\/\/test.cie-vaporium.com\/\",\"name\":\"Accueil\"}},{\"@type\":\"ListItem\",\"position\":2,\"item\":{\"@type\":\"WebPage\",\"@id\":\"https:\/\/test.cie-vaporium.com\/?page_id=615\",\"url\":\"https:\/\/test.cie-vaporium.com\/?page_id=615\",\"name\":\"Devis et contact\"}}]}]}<\/script>\n<!-- \/ Yoast SEO plugin. -->","_links":{"self":[{"href":"https:\/\/test.cie-vaporium.com\/index.php?rest_route=\/wp\/v2\/pages\/615","targetHints":{"allow":["GET"]}}],"collection":[{"href":"https:\/\/test.cie-vaporium.com\/index.php?rest_route=\/wp\/v2\/pages"}],"about":[{"href":"https:\/\/test.cie-vaporium.com\/index.php?rest_route=\/wp\/v2\/types\/page"}],"author":[{"embeddable":true,"href":"https:\/\/test.cie-vaporium.com\/index.php?rest_route=\/wp\/v2\/users\/3"}],"replies":[{"embeddable":true,"href":"https:\/\/test.cie-vaporium.com\/index.php?rest_route=%2Fwp%2Fv2%2Fcomments&post=615"}],"version-history":[{"count":45,"href":"https:\/\/test.cie-vaporium.com\/index.php?rest_route=\/wp\/v2\/pages\/615\/revisions"}],"predecessor-version":[{"id":3379,"href":"https:\/\/test.cie-vaporium.com\/index.php?rest_route=\/wp\/v2\/pages\/615\/revisions\/3379"}],"wp:featuredmedia":[{"embeddable":true,"href":"https:\/\/test.cie-vaporium.com\/index.php?rest_route=\/wp\/v2\/media\/2012"}],"wp:attachment":[{"href":"https:\/\/test.cie-vaporium.com\/index.php?rest_route=%2Fwp%2Fv2%2Fmedia&parent=615"}],"curies":[{"name":"wp","href":"https:\/\/api.w.org\/{rel}","templated":true}]}}