{"id":811,"date":"2018-05-24T16:49:09","date_gmt":"2018-05-24T15:49:09","guid":{"rendered":"http:\/\/cie-vaporium.com\/?page_id=811"},"modified":"2022-02-01T11:36:25","modified_gmt":"2022-02-01T10:36:25","slug":"wonderland","status":"publish","type":"page","link":"https:\/\/test.cie-vaporium.com\/?page_id=811","title":{"rendered":"Wonderland"},"content":{"rendered":"<p>[vc_row][vc_column][vc_single_image image=&#8221;2089&#8243; img_size=&#8221;full&#8221; alignment=&#8221;center&#8221; style=&#8221;vc_box_outline&#8221; border_color=&#8221;white&#8221;][vc_empty_space height=&#8221;10px&#8221;][\/vc_column][\/vc_row][vc_row][vc_column css=&#8221;.vc_custom_1643711714795{background-color: #000000 !important;border-radius: 35px !important;}&#8221;][vc_column_text]<\/p>\n<p style=\"text-align: center; font-size: 20px;\"><span style=\"color: #ffffff;\"><strong>Venue tout droit de <a style=\"color: #ffffff;\" href=\"https:\/\/cie-vaporium.com\/titelune\/\" target=\"_blank\" rel=\"noopener\"><u>l\u2019ile de Lewis<\/u><\/a>, d\u00e9couvrez l\u2019\u00e9tonnante d\u00e9ambulation des personnages embl\u00e9matiques de cette contr\u00e9e insulaire :<\/strong><\/span><\/p>\n<p style=\"text-align: center;\"><span style=\"color: #ffffff;\">-le maitre du th\u00e9 de la grande Reine Rouge.<\/span><br \/>\n<span style=\"color: #ffffff;\">-l\u2019ambassadeur royal, Mr Lapin Blanc.<\/span><br \/>\n<span style=\"color: #ffffff;\">-Madame Mars, la compagne du c\u00e9l\u00e8bre lagop\u00e8de.<\/span><\/p>\n<p style=\"text-align: center;\"><span style=\"color: #ffffff;\">Trois \u00e9chassiers ayant clairement abus\u00e9 des g\u00e2teaux g\u00e9antifiant surgissent dans votre \u00e9v\u00e9nement, apportant avec eux leur c\u00e9l\u00e8bre grain de folie et leur addiction au th\u00e9 !<\/span><\/p>\n<p style=\"text-align: center;\"><span style=\"color: #ffffff;\">Aid\u00e9e de leurs pr\u00e9cieuses cartes et accompagn\u00e9e de nombreux instrument loufoque comme seuls les lewisien savent en fabriquer, la fine \u00e9quipe est bien d\u00e9termin\u00e9e \u00e0 retrouver son chemin.<\/span><\/p>\n<p>[\/vc_column_text][\/vc_column][\/vc_row][vc_row][vc_column width=&#8221;2\/3&#8243;][vc_empty_space][vc_video link=&#8221;https:\/\/youtu.be\/xWKTBx7_Law&#8221; align=&#8221;center&#8221;][\/vc_column][vc_column width=&#8221;1\/3&#8243;][vc_empty_space][vc_single_image image=&#8221;2145&#8243; img_size=&#8221;large&#8221; onclick=&#8221;link_image&#8221;][\/vc_column][\/vc_row][vc_row][vc_column][vc_masonry_media_grid element_width=&#8221;3&#8243; gap=&#8221;3&#8243; item=&#8221;masonryMedia_SolidBlurOut&#8221; initial_loading_animation=&#8221;fadeIn&#8221; grid_id=&#8221;vc_gid:1643711758119-772aedd2b00afd58b5248f296d01c47c-8&#8243; include=&#8221;2755,2762,2758,1837&#8243;][vc_btn title=&#8221;voir plus d&#8217;images&#8221; style=&#8221;outline-custom&#8221; outline_custom_color=&#8221;#ffffff&#8221; outline_custom_hover_background=&#8221;#660909&#8243; outline_custom_hover_text=&#8221;#ffffff&#8221; shape=&#8221;round&#8221; size=&#8221;lg&#8221; align=&#8221;center&#8221; css_animation=&#8221;bounceIn&#8221; link=&#8221;url:https%3A%2F%2Ftest.cie-vaporium.com%2F%3Fpage_id%3D2892|target:_blank&#8221;][vc_empty_space][\/vc_column][\/vc_row][vc_row][vc_column width=&#8221;1\/2&#8243;][vc_single_image image=&#8221;2067&#8243; img_size=&#8221;large&#8221; alignment=&#8221;center&#8221;][vc_empty_space][\/vc_column][vc_column width=&#8221;1\/2&#8243; css=&#8221;.vc_custom_1643711728226{background-color: #000000 !important;border-radius: 35px !important;}&#8221;][vc_text_separator title=&#8221;l&#8217;histoire&#8221; style=&#8221;shadow&#8221;][vc_column_text]<\/p>\n<p style=\"text-align: center;\"><span style=\"color: #ffffff;\">Le chapelier, le lapin blanc et la femme du li\u00e8vre de mars d\u00e9barquent dans les rues de <a style=\"color: #ffffff;\" href=\"https:\/\/cie-vaporium.com\/titelune\/\" target=\"_blank\" rel=\"noopener\"><u>Port-Milieu.<\/u><\/a><\/span><\/p>\n<p style=\"text-align: center;\"><span style=\"color: #ffffff;\">Mais que cherchent-ils ?<\/span><\/p>\n<p style=\"text-align: center;\"><span style=\"color: #ffffff;\">Apparemment une certaine Alice les a invit\u00e9s \u00e0 boire le th\u00e9 dans sa riche demeure, mais il semblerait que nos trois protagonistes se soient quelque peu \u00e9gar\u00e9s en chemin. Trouver la sortie du terrier, c\u2019\u00e9tait facile avec l\u2019aide du lapin blanc, retrouver la maison d\u2019Alice au milieu de toutes ces all\u00e9es et autres ruelles, cela sera surement bien plus compliqu\u00e9\u2026<\/span><\/p>\n<p style=\"text-align: center;\"><span style=\"color: #ffffff;\">Heureusement que le public est l\u00e0 pour les aider dans leur qu\u00eate !<\/span><\/p>\n<p style=\"text-align: center;\"><span style=\"color: #ffffff;\">Retrouveront-ils Alice ? Suivez-les \u00e0 travers la foule pour le savoir.<\/span><\/p>\n<p>[\/vc_column_text][\/vc_column][\/vc_row]<\/p>\n","protected":false},"excerpt":{"rendered":"<p>[vc_row][vc_column][vc_single_image image=&#8221;2089&#8243; img_size=&#8221;full&#8221; alignment=&#8221;center&#8221; style=&#8221;vc_box_outline&#8221; border_color=&#8221;white&#8221;][vc_empty_space height=&#8221;10px&#8221;][\/vc_column][\/vc_row][vc_row][vc_column css=&#8221;.vc_custom_1643711714795{background-color: #000000 !important;border-radius: 35px !important;}&#8221;][vc_column_text] Venue tout droit de l\u2019ile de Lewis, d\u00e9couvrez l\u2019\u00e9tonnante d\u00e9ambulation des personnages embl\u00e9matiques de cette contr\u00e9e insulaire : -le maitre du th\u00e9 de la grande Reine Rouge. -l\u2019ambassadeur royal, Mr Lapin Blanc. -Madame Mars, la compagne du c\u00e9l\u00e8bre lagop\u00e8de. Trois \u00e9chassiers ayant clairement [&hellip;]<\/p>\n","protected":false},"author":3,"featured_media":1340,"parent":0,"menu_order":0,"comment_status":"closed","ping_status":"closed","template":"","meta":{"footnotes":""},"class_list":["post-811","page","type-page","status-publish","has-post-thumbnail","hentry"],"yoast_head":"<!-- This site is optimized with the Yoast SEO plugin v16.0.2 - https:\/\/yoast.com\/wordpress\/plugins\/seo\/ -->\n<title>Wonderland - Cie Vaporium<\/title>\n<meta name=\"description\" content=\"Red\u00e9couvrez les personnages de Lewis Carol revus et corrig\u00e9s par la Cie Vaporium \u00e0 travers cette folle d\u00e9ambulation sur \u00e9chasses.\" \/>\n<link rel=\"canonical\" href=\"https:\/\/test.cie-vaporium.com\/?page_id=811\" \/>\n<meta property=\"og:locale\" content=\"fr_FR\" \/>\n<meta property=\"og:type\" content=\"article\" \/>\n<meta property=\"og:title\" content=\"Wonderland - Cie Vaporium\" \/>\n<meta property=\"og:description\" content=\"Red\u00e9couvrez les personnages de Lewis Carol revus et corrig\u00e9s par la Cie Vaporium \u00e0 travers cette folle d\u00e9ambulation sur \u00e9chasses.\" \/>\n<meta property=\"og:url\" content=\"https:\/\/test.cie-vaporium.com\/?page_id=811\" \/>\n<meta property=\"og:site_name\" content=\"Cie Vaporium\" \/>\n<meta property=\"article:modified_time\" content=\"2022-02-01T10:36:25+00:00\" \/>\n<meta property=\"og:image\" content=\"https:\/\/test.cie-vaporium.com\/wp-content\/uploads\/2021\/02\/wonderland-jongleur-lumineux-et-echasses-71.jpg\" \/>\n\t<meta property=\"og:image:width\" content=\"1207\" \/>\n\t<meta property=\"og:image:height\" content=\"805\" \/>\n<meta name=\"twitter:card\" content=\"summary\" \/>\n<meta name=\"twitter:label1\" content=\"Est. reading time\">\n\t<meta name=\"twitter:data1\" content=\"2 minutes\">\n<script type=\"application\/ld+json\" class=\"yoast-schema-graph\">{\"@context\":\"https:\/\/schema.org\",\"@graph\":[{\"@type\":\"WebSite\",\"@id\":\"https:\/\/test.cie-vaporium.com\/#website\",\"url\":\"https:\/\/test.cie-vaporium.com\/\",\"name\":\"Cie Vaporium\",\"description\":\"Votre passeport pour le fantastique\",\"potentialAction\":[{\"@type\":\"SearchAction\",\"target\":\"https:\/\/test.cie-vaporium.com\/?s={search_term_string}\",\"query-input\":\"required name=search_term_string\"}],\"inLanguage\":\"fr-FR\"},{\"@type\":\"ImageObject\",\"@id\":\"https:\/\/test.cie-vaporium.com\/?page_id=811#primaryimage\",\"inLanguage\":\"fr-FR\",\"url\":\"https:\/\/test.cie-vaporium.com\/wp-content\/uploads\/2021\/02\/wonderland-jongleur-lumineux-et-echasses-71.jpg\",\"width\":1207,\"height\":805},{\"@type\":\"WebPage\",\"@id\":\"https:\/\/test.cie-vaporium.com\/?page_id=811#webpage\",\"url\":\"https:\/\/test.cie-vaporium.com\/?page_id=811\",\"name\":\"Wonderland - Cie Vaporium\",\"isPartOf\":{\"@id\":\"https:\/\/test.cie-vaporium.com\/#website\"},\"primaryImageOfPage\":{\"@id\":\"https:\/\/test.cie-vaporium.com\/?page_id=811#primaryimage\"},\"datePublished\":\"2018-05-24T15:49:09+00:00\",\"dateModified\":\"2022-02-01T10:36:25+00:00\",\"description\":\"Red\\u00e9couvrez les personnages de Lewis Carol revus et corrig\\u00e9s par la Cie Vaporium \\u00e0 travers cette folle d\\u00e9ambulation sur \\u00e9chasses.\",\"breadcrumb\":{\"@id\":\"https:\/\/test.cie-vaporium.com\/?page_id=811#breadcrumb\"},\"inLanguage\":\"fr-FR\",\"potentialAction\":[{\"@type\":\"ReadAction\",\"target\":[\"https:\/\/test.cie-vaporium.com\/?page_id=811\"]}]},{\"@type\":\"BreadcrumbList\",\"@id\":\"https:\/\/test.cie-vaporium.com\/?page_id=811#breadcrumb\",\"itemListElement\":[{\"@type\":\"ListItem\",\"position\":1,\"item\":{\"@type\":\"WebPage\",\"@id\":\"https:\/\/test.cie-vaporium.com\/\",\"url\":\"https:\/\/test.cie-vaporium.com\/\",\"name\":\"Accueil\"}},{\"@type\":\"ListItem\",\"position\":2,\"item\":{\"@type\":\"WebPage\",\"@id\":\"https:\/\/test.cie-vaporium.com\/?page_id=811\",\"url\":\"https:\/\/test.cie-vaporium.com\/?page_id=811\",\"name\":\"Wonderland\"}}]}]}<\/script>\n<!-- \/ Yoast SEO plugin. -->","_links":{"self":[{"href":"https:\/\/test.cie-vaporium.com\/index.php?rest_route=\/wp\/v2\/pages\/811","targetHints":{"allow":["GET"]}}],"collection":[{"href":"https:\/\/test.cie-vaporium.com\/index.php?rest_route=\/wp\/v2\/pages"}],"about":[{"href":"https:\/\/test.cie-vaporium.com\/index.php?rest_route=\/wp\/v2\/types\/page"}],"author":[{"embeddable":true,"href":"https:\/\/test.cie-vaporium.com\/index.php?rest_route=\/wp\/v2\/users\/3"}],"replies":[{"embeddable":true,"href":"https:\/\/test.cie-vaporium.com\/index.php?rest_route=%2Fwp%2Fv2%2Fcomments&post=811"}],"version-history":[{"count":38,"href":"https:\/\/test.cie-vaporium.com\/index.php?rest_route=\/wp\/v2\/pages\/811\/revisions"}],"predecessor-version":[{"id":3251,"href":"https:\/\/test.cie-vaporium.com\/index.php?rest_route=\/wp\/v2\/pages\/811\/revisions\/3251"}],"wp:featuredmedia":[{"embeddable":true,"href":"https:\/\/test.cie-vaporium.com\/index.php?rest_route=\/wp\/v2\/media\/1340"}],"wp:attachment":[{"href":"https:\/\/test.cie-vaporium.com\/index.php?rest_route=%2Fwp%2Fv2%2Fmedia&parent=811"}],"curies":[{"name":"wp","href":"https:\/\/api.w.org\/{rel}","templated":true}]}}