{"id":822,"date":"2018-05-24T17:31:17","date_gmt":"2018-05-24T16:31:17","guid":{"rendered":"http:\/\/cie-vaporium.com\/?page_id=822"},"modified":"2022-02-01T11:38:19","modified_gmt":"2022-02-01T10:38:19","slug":"chat-doutre-monde-2","status":"publish","type":"page","link":"https:\/\/test.cie-vaporium.com\/?page_id=822","title":{"rendered":"chat d&#8217;outre monde"},"content":{"rendered":"<p>[vc_row][vc_column][vc_single_image image=&#8221;1117&#8243; img_size=&#8221;full&#8221; alignment=&#8221;center&#8221; style=&#8221;vc_box_outline&#8221; border_color=&#8221;white&#8221;][\/vc_column][\/vc_row][vc_row][vc_column css=&#8221;.vc_custom_1643711514774{background-color: #000000 !important;border-radius: 35px !important;}&#8221;][vc_column_text]<\/p>\n<p style=\"text-align: center; font-size: 20px;\"><span style=\"color: #ffffff;\"><strong>M\u00e8re, prenez garde \u00e0 vos enfants !<\/strong><\/span><br \/>\n<span style=\"color: #ffffff;\"><strong>Les f\u00e9lins d\u2019outre monde sont de sortie, griffes et crocs en avant.<\/strong><\/span><\/p>\n<p style=\"text-align: center;\"><span style=\"color: #ffffff;\">Tenus en laisse par leur dresseur, ils \u00e9voluent \u00e0 travers la foule, griffes et crocs en avant.<\/span><br \/>\n<span style=\"color: #ffffff;\">Tel un montreur d\u2019ours de jadis, il leur fait ex\u00e9cuter des d\u00e9monstrations de dressage et autres tours.<\/span><br \/>\n<span style=\"color: #ffffff;\">Suivez-le bien, il prendra peut-\u00eatre le temps de vous narrer quelques histoires de son p\u00e9riple dans <a style=\"color: #ffffff;\" href=\"https:\/\/cie-vaporium.com\/titelune\/\" target=\"_blank\" rel=\"noopener\"> <u>les Terres oubli\u00e9es<\/u><\/a> et la capture de ces \u00e9tranges cr\u00e9atures.<\/span><br \/>\n<span style=\"color: #ffffff;\">Esp\u00e9rons que leurs laisses ne se brisent pas, car personne ne voudrait voir ces terribles cr\u00e9atures l\u00e2ch\u00e9es au milieu du public.<\/span><\/p>\n<p style=\"text-align: center;\"><span style=\"color: #ffffff;\">Une d\u00e9ambulation avec un \u00e9chassier et deux imposants hybride-chats qui ne laissent personne indiff\u00e9rent. Effrayant pour les uns, amusant pour les autres, chacun appr\u00e9hende ses peurs \u00e0 sa fa\u00e7on, et c\u2019est bien tout l&#8217;int\u00e9r\u00eat de cette animation. Nous ponctuons cette d\u00e9ambulation avec plusieurs passages de conte interactif qui permettent au public de se familiariser avec ces cr\u00e9atures et leur histoire.<\/span><\/p>\n<p>[\/vc_column_text][\/vc_column][\/vc_row][vc_row][vc_column width=&#8221;2\/3&#8243;][vc_empty_space][vc_video link=&#8221;https:\/\/youtu.be\/xWKTBx7_Law&#8221;][\/vc_column][vc_column width=&#8221;1\/3&#8243;][vc_empty_space][vc_single_image image=&#8221;2738&#8243; img_size=&#8221;large&#8221;][\/vc_column][\/vc_row][vc_row][vc_column][vc_masonry_media_grid element_width=&#8221;3&#8243; gap=&#8221;3&#8243; initial_loading_animation=&#8221;fadeIn&#8221; grid_id=&#8221;vc_gid:1643711860804-1cf0536ed9ae016f70ca54ccc72519e5-7&#8243; include=&#8221;2745,2734,2711,2747&#8243;][vc_btn title=&#8221;voir plus d&#8217;images&#8221; style=&#8221;outline-custom&#8221; outline_custom_color=&#8221;#ffffff&#8221; outline_custom_hover_background=&#8221;#660909&#8243; outline_custom_hover_text=&#8221;#ffffff&#8221; shape=&#8221;round&#8221; size=&#8221;lg&#8221; align=&#8221;center&#8221; css_animation=&#8221;bounceIn&#8221; link=&#8221;url:https%3A%2F%2Ftest.cie-vaporium.com%2F%3Fpage_id%3D2886|target:_blank&#8221;][vc_empty_space][\/vc_column][\/vc_row][vc_row][vc_column width=&#8221;1\/2&#8243;][vc_single_image image=&#8221;2068&#8243; img_size=&#8221;large&#8221; alignment=&#8221;center&#8221;][\/vc_column][vc_column width=&#8221;1\/2&#8243; css=&#8221;.vc_custom_1643711529663{background-color: #000000 !important;border-radius: 35px !important;}&#8221;][vc_text_separator title=&#8221;L&#8217;histoire&#8221; style=&#8221;shadow&#8221; border_width=&#8221;5&#8243;][vc_column_text css=&#8221;.vc_custom_1643214540273{background-position: center !important;background-repeat: no-repeat !important;background-size: cover !important;}&#8221;]<\/p>\n<p style=\"text-align: center;\"><span style=\"color: #ffffff;\">Pour la premi\u00e8re fois \u00e0 Port-Milieu, d\u00e9couvrez ces \u00e9tranges cr\u00e9atures f\u00e9lines captur\u00e9es dans<a style=\"color: #ffffff;\" href=\"https:\/\/cie-vaporium.com\/titelune\/\" target=\"_blank\" rel=\"noopener\"> <u> les terres oubli\u00e9es . <\/u><\/a><\/span><\/p>\n<p style=\"text-align: center;\"><span style=\"color: #ffffff;\">Nul ne conna\u00eet exactement l\u2019origine de ces cr\u00e9atures, sont-elles arriv\u00e9es lors du cataclysme par on ne sait quel portail magique, ou sont-elles l\u2019\u00e9volution de pauvres cr\u00e9atures qui vivaient l\u00e0, transform\u00e9es par on ne sait quel puissant mal\u00e9fice\u00a0?<\/span><br \/>\n<span style=\"color: #ffffff;\">Quoi qu\u2019il en soit, vous pourrez d\u00e9sormais les approcher sans crainte. Mais soyez tout de m\u00eame vigilant, n\u2019oubliez pas que bien qu\u2019apprivois\u00e9es, ces cr\u00e9atures n\u2019en restent pas moins dot\u00e9es d\u2019un instinct sauvage.<\/span><\/p>\n<p style=\"text-align: center;\"><span style=\"color: #ffffff;\">Profitez-en ! Ce n\u2019est pas tous les jours qu\u2019on peut admirer des cr\u00e9atures <a style=\"color: #ffffff;\" href=\"https:\/\/cie-vaporium.com\/titelune\/\" target=\"_blank\" rel=\"noopener\"> <u>des terres oubli\u00e9es<\/u><\/a> sans risquer sa vie.<\/span><\/p>\n<p style=\"text-align: center;\"><span style=\"color: #ffffff;\">Il aura fallu bien des aventures et prises de risque pour capturer d\u2019aussi beaux sp\u00e9cimens.<\/span>[\/vc_column_text][\/vc_column][\/vc_row]<\/p>\n","protected":false},"excerpt":{"rendered":"<p>[vc_row][vc_column][vc_single_image image=&#8221;1117&#8243; img_size=&#8221;full&#8221; alignment=&#8221;center&#8221; style=&#8221;vc_box_outline&#8221; border_color=&#8221;white&#8221;][\/vc_column][\/vc_row][vc_row][vc_column css=&#8221;.vc_custom_1643711514774{background-color: #000000 !important;border-radius: 35px !important;}&#8221;][vc_column_text] M\u00e8re, prenez garde \u00e0 vos enfants ! Les f\u00e9lins d\u2019outre monde sont de sortie, griffes et crocs en avant. Tenus en laisse par leur dresseur, ils \u00e9voluent \u00e0 travers la foule, griffes et crocs en avant. Tel un montreur d\u2019ours de jadis, il leur [&hellip;]<\/p>\n","protected":false},"author":3,"featured_media":1302,"parent":0,"menu_order":0,"comment_status":"closed","ping_status":"closed","template":"","meta":{"footnotes":""},"class_list":["post-822","page","type-page","status-publish","has-post-thumbnail","hentry"],"yoast_head":"<!-- This site is optimized with the Yoast SEO plugin v16.0.2 - https:\/\/yoast.com\/wordpress\/plugins\/seo\/ -->\n<title>chat d&#039;outre monde - Cie Vaporium<\/title>\n<meta name=\"description\" content=\"D\u00e9ambulation sur \u00e9chasses avec gros f\u00e9lins tenus en laisse, griffes et crocs en avant. Approchez, si vous l&#039;osez.\" \/>\n<link rel=\"canonical\" href=\"https:\/\/test.cie-vaporium.com\/?page_id=822\" \/>\n<meta property=\"og:locale\" content=\"fr_FR\" \/>\n<meta property=\"og:type\" content=\"article\" \/>\n<meta property=\"og:title\" content=\"chat d&#039;outre monde - Cie Vaporium\" \/>\n<meta property=\"og:description\" content=\"D\u00e9ambulation sur \u00e9chasses avec gros f\u00e9lins tenus en laisse, griffes et crocs en avant. Approchez, si vous l&#039;osez.\" \/>\n<meta property=\"og:url\" content=\"https:\/\/test.cie-vaporium.com\/?page_id=822\" \/>\n<meta property=\"og:site_name\" content=\"Cie Vaporium\" \/>\n<meta property=\"article:modified_time\" content=\"2022-02-01T10:38:19+00:00\" \/>\n<meta property=\"og:image\" content=\"https:\/\/test.cie-vaporium.com\/wp-content\/uploads\/2021\/02\/Chat-jongleur-feu-et-echasses-26.jpg\" \/>\n\t<meta property=\"og:image:width\" content=\"1404\" \/>\n\t<meta property=\"og:image:height\" content=\"936\" \/>\n<meta name=\"twitter:card\" content=\"summary\" \/>\n<meta name=\"twitter:label1\" content=\"Est. reading time\">\n\t<meta name=\"twitter:data1\" content=\"3 minutes\">\n<script type=\"application\/ld+json\" class=\"yoast-schema-graph\">{\"@context\":\"https:\/\/schema.org\",\"@graph\":[{\"@type\":\"WebSite\",\"@id\":\"https:\/\/test.cie-vaporium.com\/#website\",\"url\":\"https:\/\/test.cie-vaporium.com\/\",\"name\":\"Cie Vaporium\",\"description\":\"Votre passeport pour le fantastique\",\"potentialAction\":[{\"@type\":\"SearchAction\",\"target\":\"https:\/\/test.cie-vaporium.com\/?s={search_term_string}\",\"query-input\":\"required name=search_term_string\"}],\"inLanguage\":\"fr-FR\"},{\"@type\":\"ImageObject\",\"@id\":\"https:\/\/test.cie-vaporium.com\/?page_id=822#primaryimage\",\"inLanguage\":\"fr-FR\",\"url\":\"https:\/\/test.cie-vaporium.com\/wp-content\/uploads\/2021\/02\/Chat-jongleur-feu-et-echasses-26.jpg\",\"width\":1404,\"height\":936},{\"@type\":\"WebPage\",\"@id\":\"https:\/\/test.cie-vaporium.com\/?page_id=822#webpage\",\"url\":\"https:\/\/test.cie-vaporium.com\/?page_id=822\",\"name\":\"chat d'outre monde - Cie Vaporium\",\"isPartOf\":{\"@id\":\"https:\/\/test.cie-vaporium.com\/#website\"},\"primaryImageOfPage\":{\"@id\":\"https:\/\/test.cie-vaporium.com\/?page_id=822#primaryimage\"},\"datePublished\":\"2018-05-24T16:31:17+00:00\",\"dateModified\":\"2022-02-01T10:38:19+00:00\",\"description\":\"D\\u00e9ambulation sur \\u00e9chasses avec gros f\\u00e9lins tenus en laisse, griffes et crocs en avant. Approchez, si vous l'osez.\",\"breadcrumb\":{\"@id\":\"https:\/\/test.cie-vaporium.com\/?page_id=822#breadcrumb\"},\"inLanguage\":\"fr-FR\",\"potentialAction\":[{\"@type\":\"ReadAction\",\"target\":[\"https:\/\/test.cie-vaporium.com\/?page_id=822\"]}]},{\"@type\":\"BreadcrumbList\",\"@id\":\"https:\/\/test.cie-vaporium.com\/?page_id=822#breadcrumb\",\"itemListElement\":[{\"@type\":\"ListItem\",\"position\":1,\"item\":{\"@type\":\"WebPage\",\"@id\":\"https:\/\/test.cie-vaporium.com\/\",\"url\":\"https:\/\/test.cie-vaporium.com\/\",\"name\":\"Accueil\"}},{\"@type\":\"ListItem\",\"position\":2,\"item\":{\"@type\":\"WebPage\",\"@id\":\"https:\/\/test.cie-vaporium.com\/?page_id=822\",\"url\":\"https:\/\/test.cie-vaporium.com\/?page_id=822\",\"name\":\"chat d&#8217;outre monde\"}}]}]}<\/script>\n<!-- \/ Yoast SEO plugin. -->","_links":{"self":[{"href":"https:\/\/test.cie-vaporium.com\/index.php?rest_route=\/wp\/v2\/pages\/822","targetHints":{"allow":["GET"]}}],"collection":[{"href":"https:\/\/test.cie-vaporium.com\/index.php?rest_route=\/wp\/v2\/pages"}],"about":[{"href":"https:\/\/test.cie-vaporium.com\/index.php?rest_route=\/wp\/v2\/types\/page"}],"author":[{"embeddable":true,"href":"https:\/\/test.cie-vaporium.com\/index.php?rest_route=\/wp\/v2\/users\/3"}],"replies":[{"embeddable":true,"href":"https:\/\/test.cie-vaporium.com\/index.php?rest_route=%2Fwp%2Fv2%2Fcomments&post=822"}],"version-history":[{"count":56,"href":"https:\/\/test.cie-vaporium.com\/index.php?rest_route=\/wp\/v2\/pages\/822\/revisions"}],"predecessor-version":[{"id":3253,"href":"https:\/\/test.cie-vaporium.com\/index.php?rest_route=\/wp\/v2\/pages\/822\/revisions\/3253"}],"wp:featuredmedia":[{"embeddable":true,"href":"https:\/\/test.cie-vaporium.com\/index.php?rest_route=\/wp\/v2\/media\/1302"}],"wp:attachment":[{"href":"https:\/\/test.cie-vaporium.com\/index.php?rest_route=%2Fwp%2Fv2%2Fmedia&parent=822"}],"curies":[{"name":"wp","href":"https:\/\/api.w.org\/{rel}","templated":true}]}}