{"id":924,"date":"2021-02-02T14:41:42","date_gmt":"2021-02-02T13:41:42","guid":{"rendered":"http:\/\/cie-vaporium.com\/?page_id=924"},"modified":"2022-02-01T12:08:42","modified_gmt":"2022-02-01T11:08:42","slug":"faq","status":"publish","type":"page","link":"https:\/\/test.cie-vaporium.com\/?page_id=924","title":{"rendered":"FAQ"},"content":{"rendered":"<p>[vc_row][vc_column][vc_single_image image=&#8221;1818&#8243; img_size=&#8221;large&#8221; alignment=&#8221;center&#8221;][\/vc_column][\/vc_row][vc_row][vc_column css=&#8221;.vc_custom_1643712946609{background-color: #000000 !important;border-radius: 35px !important;}&#8221;][vc_text_separator title=&#8221;les Fr\u00e9quentes et Amusantes Questions&#8221; style=&#8221;shadow&#8221; border_width=&#8221;5&#8243;][vc_toggle title=&#8221;Je suis un particulier, puis-je quand m\u00eame faire appel \u00e0 vos services ?&#8221; custom_font_container=&#8221;tag:h2|font_size:20|text_align:left&#8221; custom_use_theme_fonts=&#8221;yes&#8221; custom_css_animation=&#8221;none&#8221; use_custom_heading=&#8221;true&#8221;]Bien s\u00fbr,\u00a0nous animons tout type d\u2019\u00e9v\u00e9nement priv\u00e9.[\/vc_toggle][vc_toggle title=&#8221;Vos animations sont-elles tout public ?&#8221; custom_font_container=&#8221;tag:h2|font_size:20|text_align:left&#8221; custom_use_theme_fonts=&#8221;yes&#8221; use_custom_heading=&#8221;true&#8221;]Oui\u00a0! Toutefois, nous avons conscience que certains de nos personnages sont susceptibles de perturber un public sensible. Nous avons pour principe de nous \u00e9loigner imm\u00e9diatement de toute personne\u00a0 (particuli\u00e8rement les enfants) qui aurait du mal \u00e0 g\u00e9rer l\u2019\u00e9motion provoqu\u00e9e par notre pr\u00e9sence.[\/vc_toggle][vc_toggle title=&#8221;Le feu, n\u2019est-ce pas dangereux pour le public ou le site de l\u2019\u00e9v\u00e9nement ?&#8221; custom_font_container=&#8221;tag:h2|font_size:20|text_align:left&#8221; custom_use_theme_fonts=&#8221;yes&#8221; use_custom_heading=&#8221;true&#8221;]Nous mettons en place, \u00e0 chaque intervention, notre propre mat\u00e9riel de s\u00e9curit\u00e9 incendie pour lequel nos membres sont form\u00e9s \u00e0 la mise en \u0153uvre.<\/p>\n<p>Comme toute activit\u00e9 dangereuse, il est impossible de vous garantir un risque 0. Toutefois, notre \u00e9quipe, forte de nombreuses ann\u00e9es d\u2019exp\u00e9rience, est en mesure de tout mettre en \u0153uvre pour r\u00e9duire ce risque au maximum.<\/p>\n<p>Si un accident se produit, il aura lieu dans notre espace sc\u00e9nique, dont les dimensions sont calcul\u00e9es pour mettre en s\u00e9curit\u00e9 le public et le site de l&#8217;\u00e9v\u00e9nement.<\/p>\n<p>Par ailleurs, nous sommes assur\u00e9s sp\u00e9cifiquement pour les risques incendie induits par nos prestations (attestation disponible sur demande).[\/vc_toggle][vc_toggle title=&#8221;Pouvez-vous faire une animation feu en int\u00e9rieur ?&#8221; custom_font_container=&#8221;tag:h2|font_size:20|text_align:left&#8221; custom_use_theme_fonts=&#8221;yes&#8221; use_custom_heading=&#8221;true&#8221;]Cela est possible, mais nous devrons alors vous demander de nombreux renseignements pr\u00e9alables concernant la s\u00e9curit\u00e9 et la configuration du site avant d\u2019accepter.<\/p>\n<p>Dans tous les cas, notre \u00e9quipe fera preuve d\u2019une vigilance maximale concernant les conditions de s\u00e9curit\u00e9 lors de l\u2019\u00e9v\u00e9nement et se r\u00e9serve le droit d\u2019annuler ou modifier son intervention si les conditions de s\u00e9curit\u00e9 optimale n\u2019\u00e9taient pas effectives.[\/vc_toggle][vc_toggle title=&#8221;Pouvez-vous jouer dans un petit espace ?&#8221; custom_font_container=&#8221;tag:h2|font_size:20|text_align:left&#8221; custom_use_theme_fonts=&#8221;yes&#8221; use_custom_heading=&#8221;true&#8221;]L\u2019espace minimum requis pour les animations de jongle est un praticable est de 2mX1m (sauf spectacle \u00ab\u00a0Portal\u00a0\u00bb).<br \/>\nDans tous les cas, vous aurez toutes les informations d\u00e9taill\u00e9es sur notre fiche technique, disponibles sur simple demande.[\/vc_toggle][vc_toggle title=&#8221;La m\u00e9t\u00e9o impacte-t-elle vos animations ?&#8221; custom_font_container=&#8221;tag:h2|font_size:20|text_align:left&#8221; custom_use_theme_fonts=&#8221;yes&#8221; use_custom_heading=&#8221;true&#8221;]Pour des raisons de s\u00e9curit\u00e9 de nos artistes et du mat\u00e9riel, nos animations sont tributaires de bonnes conditions m\u00e9t\u00e9o (pluie, vent, canicule). Cependant, nous ferons notre maximum pour assurer une animation de qualit\u00e9 malgr\u00e9 les al\u00e9as m\u00e9t\u00e9orologiques, en vous proposant, le cas \u00e9ch\u00e9ant, une solution de remplacement.[\/vc_toggle][vc_toggle title=&#8221;Intervenez-vous hors de France ?&#8221; custom_font_container=&#8221;tag:h2|font_size:20|text_align:left&#8221; custom_use_theme_fonts=&#8221;yes&#8221; use_custom_heading=&#8221;true&#8221;]Nulle fronti\u00e8re ne saurait nous stopper !\u00a0 Notre \u00e9quipe parle anglais et allemand. De plus, nous avons quelques notions de Khajiits, Sindarin et Klingon.[\/vc_toggle][vc_toggle title=&#8221;Peut-on vous demander une prestation sur mesure ?&#8221; custom_font_container=&#8221;tag:h2|font_size:20|text_align:left&#8221; custom_use_theme_fonts=&#8221;yes&#8221; use_custom_heading=&#8221;true&#8221;]Nous cherchons toujours \u00e0 nous adapter au mieux aux besoins de nos clients.<\/p>\n<p>N\u00e9anmoins, \u00e9tant tr\u00e8s attach\u00e9s \u00e0 la qualit\u00e9 de nos costumes et accessoires, nous ne sommes pas en mesure de cr\u00e9er une animation dans une th\u00e9matique pr\u00e9cise \u00e0 la demande.[\/vc_toggle][vc_toggle title=&#8221;On est une petite structure, peut-on avoir une r\u00e9duction sur vos tarifs ?&#8221; custom_font_container=&#8221;tag:h2|font_size:20|text_align:left&#8221; custom_use_theme_fonts=&#8221;yes&#8221; use_custom_heading=&#8221;true&#8221;]Suite \u00e0 de trop nombreux impay\u00e9s, nous n&#8217;acceptons plus les paiements en visibilit\u00e9 !<\/p>\n<p>Nous \u00e9ditons chacun de nos devis au cas par cas en cherchant au mieux \u00e0 nous adapter \u00e0 votre budget. Nous ne sommes pas oppos\u00e9s \u00e0 effectuer ponctuellement un geste commercial, ces derniers sont cependant accord\u00e9s \u00e0 titre exceptionnel et selon des crit\u00e8res sp\u00e9cifiques.[\/vc_toggle][vc_toggle title=&#8221;Comment se passe le r\u00e8glement ?&#8221; custom_font_container=&#8221;tag:h2|font_size:20|text_align:left&#8221; custom_use_theme_fonts=&#8221;yes&#8221; use_custom_heading=&#8221;true&#8221;]Vous pouvez nous r\u00e9gler par ch\u00e8que ou virement bancaire dans un d\u00e9lai de 30 jours apr\u00e8s notre intervention. Une facture conforme au devis et au contrat de session vous sera remise pour votre comptabilit\u00e9.[\/vc_toggle][vc_toggle title=&#8221;Vos devis sont-ils TTC ?&#8221; custom_font_container=&#8221;tag:h2|font_size:20|text_align:left&#8221; custom_use_theme_fonts=&#8221;yes&#8221; use_custom_heading=&#8221;true&#8221;]Oui, mais ils n\u2019incluent pas:<br \/>\nLes frais d\u2019h\u00e9bergement et frais de nourriture, dont les modalit\u00e9s sont \u00e0 votre convenance (voir conditions dans notre fiche technique). Pour le spectacle \u00ab Portal \u00bb des droits SACEM suppl\u00e9mentaires pourront vous \u00eatre factur\u00e9s par cet organisme.[\/vc_toggle][\/vc_column][\/vc_row]<\/p>\n","protected":false},"excerpt":{"rendered":"<p>[vc_row][vc_column][vc_single_image image=&#8221;1818&#8243; img_size=&#8221;large&#8221; alignment=&#8221;center&#8221;][\/vc_column][\/vc_row][vc_row][vc_column css=&#8221;.vc_custom_1643712946609{background-color: #000000 !important;border-radius: 35px !important;}&#8221;][vc_text_separator title=&#8221;les Fr\u00e9quentes et Amusantes Questions&#8221; style=&#8221;shadow&#8221; border_width=&#8221;5&#8243;][vc_toggle title=&#8221;Je suis un particulier, puis-je quand m\u00eame faire appel \u00e0 vos services ?&#8221; custom_font_container=&#8221;tag:h2|font_size:20|text_align:left&#8221; custom_use_theme_fonts=&#8221;yes&#8221; custom_css_animation=&#8221;none&#8221; use_custom_heading=&#8221;true&#8221;]Bien s\u00fbr,\u00a0nous animons tout type d\u2019\u00e9v\u00e9nement priv\u00e9.[\/vc_toggle][vc_toggle title=&#8221;Vos animations sont-elles tout public ?&#8221; custom_font_container=&#8221;tag:h2|font_size:20|text_align:left&#8221; custom_use_theme_fonts=&#8221;yes&#8221; use_custom_heading=&#8221;true&#8221;]Oui\u00a0! Toutefois, nous avons conscience que certains de [&hellip;]<\/p>\n","protected":false},"author":3,"featured_media":0,"parent":0,"menu_order":0,"comment_status":"closed","ping_status":"closed","template":"","meta":{"footnotes":""},"class_list":["post-924","page","type-page","status-publish","hentry"],"yoast_head":"<!-- This site is optimized with the Yoast SEO plugin v16.0.2 - https:\/\/yoast.com\/wordpress\/plugins\/seo\/ -->\n<title>FAQ - Cie Vaporium<\/title>\n<meta name=\"description\" content=\"Retrouvez les fr\u00e9quentes et amusantes questions qu&#039;on nous pose souvent : le feu, \u00e7a brule ? La pluie, \u00e7a mouille ?\" \/>\n<link rel=\"canonical\" href=\"https:\/\/test.cie-vaporium.com\/?page_id=924\" \/>\n<meta property=\"og:locale\" content=\"fr_FR\" \/>\n<meta property=\"og:type\" content=\"article\" \/>\n<meta property=\"og:title\" content=\"FAQ - Cie Vaporium\" \/>\n<meta property=\"og:description\" content=\"Retrouvez les fr\u00e9quentes et amusantes questions qu&#039;on nous pose souvent : le feu, \u00e7a brule ? La pluie, \u00e7a mouille ?\" \/>\n<meta property=\"og:url\" content=\"https:\/\/test.cie-vaporium.com\/?page_id=924\" \/>\n<meta property=\"og:site_name\" content=\"Cie Vaporium\" \/>\n<meta property=\"article:modified_time\" content=\"2022-02-01T11:08:42+00:00\" \/>\n<meta name=\"twitter:card\" content=\"summary\" \/>\n<meta name=\"twitter:label1\" content=\"Est. reading time\">\n\t<meta name=\"twitter:data1\" content=\"3 minutes\">\n<script type=\"application\/ld+json\" class=\"yoast-schema-graph\">{\"@context\":\"https:\/\/schema.org\",\"@graph\":[{\"@type\":\"WebSite\",\"@id\":\"https:\/\/test.cie-vaporium.com\/#website\",\"url\":\"https:\/\/test.cie-vaporium.com\/\",\"name\":\"Cie Vaporium\",\"description\":\"Votre passeport pour le fantastique\",\"potentialAction\":[{\"@type\":\"SearchAction\",\"target\":\"https:\/\/test.cie-vaporium.com\/?s={search_term_string}\",\"query-input\":\"required name=search_term_string\"}],\"inLanguage\":\"fr-FR\"},{\"@type\":[\"WebPage\",\"FAQPage\"],\"@id\":\"https:\/\/test.cie-vaporium.com\/?page_id=924#webpage\",\"url\":\"https:\/\/test.cie-vaporium.com\/?page_id=924\",\"name\":\"FAQ - Cie Vaporium\",\"isPartOf\":{\"@id\":\"https:\/\/test.cie-vaporium.com\/#website\"},\"datePublished\":\"2021-02-02T13:41:42+00:00\",\"dateModified\":\"2022-02-01T11:08:42+00:00\",\"description\":\"Retrouvez les fr\\u00e9quentes et amusantes questions qu'on nous pose souvent : le feu, \\u00e7a brule ? La pluie, \\u00e7a mouille ?\",\"breadcrumb\":{\"@id\":\"https:\/\/test.cie-vaporium.com\/?page_id=924#breadcrumb\"},\"inLanguage\":\"fr-FR\",\"potentialAction\":[{\"@type\":\"ReadAction\",\"target\":[\"https:\/\/test.cie-vaporium.com\/?page_id=924\"]}]},{\"@type\":\"BreadcrumbList\",\"@id\":\"https:\/\/test.cie-vaporium.com\/?page_id=924#breadcrumb\",\"itemListElement\":[{\"@type\":\"ListItem\",\"position\":1,\"item\":{\"@type\":\"WebPage\",\"@id\":\"https:\/\/test.cie-vaporium.com\/\",\"url\":\"https:\/\/test.cie-vaporium.com\/\",\"name\":\"Accueil\"}},{\"@type\":\"ListItem\",\"position\":2,\"item\":{\"@type\":\"WebPage\",\"@id\":\"https:\/\/test.cie-vaporium.com\/?page_id=924\",\"url\":\"https:\/\/test.cie-vaporium.com\/?page_id=924\",\"name\":\"FAQ\"}}]}]}<\/script>\n<!-- \/ Yoast SEO plugin. -->","_links":{"self":[{"href":"https:\/\/test.cie-vaporium.com\/index.php?rest_route=\/wp\/v2\/pages\/924","targetHints":{"allow":["GET"]}}],"collection":[{"href":"https:\/\/test.cie-vaporium.com\/index.php?rest_route=\/wp\/v2\/pages"}],"about":[{"href":"https:\/\/test.cie-vaporium.com\/index.php?rest_route=\/wp\/v2\/types\/page"}],"author":[{"embeddable":true,"href":"https:\/\/test.cie-vaporium.com\/index.php?rest_route=\/wp\/v2\/users\/3"}],"replies":[{"embeddable":true,"href":"https:\/\/test.cie-vaporium.com\/index.php?rest_route=%2Fwp%2Fv2%2Fcomments&post=924"}],"version-history":[{"count":29,"href":"https:\/\/test.cie-vaporium.com\/index.php?rest_route=\/wp\/v2\/pages\/924\/revisions"}],"predecessor-version":[{"id":3271,"href":"https:\/\/test.cie-vaporium.com\/index.php?rest_route=\/wp\/v2\/pages\/924\/revisions\/3271"}],"wp:attachment":[{"href":"https:\/\/test.cie-vaporium.com\/index.php?rest_route=%2Fwp%2Fv2%2Fmedia&parent=924"}],"curies":[{"name":"wp","href":"https:\/\/api.w.org\/{rel}","templated":true}]}}