{"id":947,"date":"2021-02-02T15:11:13","date_gmt":"2021-02-02T14:11:13","guid":{"rendered":"http:\/\/cie-vaporium.com\/?page_id=947"},"modified":"2022-02-01T11:48:49","modified_gmt":"2022-02-01T10:48:49","slug":"mentions-legales","status":"publish","type":"page","link":"https:\/\/test.cie-vaporium.com\/?page_id=947","title":{"rendered":"Mentions l\u00e9gales"},"content":{"rendered":"<p>[vc_row][vc_column css=&#8221;.vc_custom_1643712511167{background-color: #000000 !important;border-radius: 35px !important;}&#8221;][vc_column_text]<span style=\"color: #ffffff;\"><\/span><\/p>\n<p style=\"text-align: center;\"><span style=\"color: #ffffff;\">le site\u00a0<a style=\"color: #ffffff;\" href=\"http:\/\/www.cie-vaporium.com\/\">www.cie-vaporium.com<\/a>\u00a0est \u00e9dit\u00e9 par\u00a0:<\/span><\/p>\n<p style=\"text-align: center;\"><span style=\"color: #ffffff;\">Association des MAOU<\/span><br \/>\n<span style=\"color: #ffffff;\">N\u00b0 de Siret : 821958170 00028, APE : 9001Z, Cat\u00e9gorie juridique :\u00a0 9220.<\/span><br \/>\n<span style=\"color: #ffffff;\">Titulaire de la licence d\u2019entrepreneur de spectacle, cat\u00e9gories 2, n\u00b0 2-1111092.<\/span><br \/>\n<span style=\"color: #ffffff;\"><strong>Si\u00e8ge social<\/strong>\u00a0: 5 rue Bombecul, 12520 Verri\u00e8res .<\/span><\/p>\n<p style=\"text-align: center;\"><span style=\"color: #ffffff;\">En partenariat avec Henry Morgan<\/span><br \/>\n<span style=\"color: #ffffff;\"><a style=\"color: #ffffff;\" href=\"https:\/\/henry-morgan.pro\/\">https:\/\/henry-morgan.pro\/<\/a><\/span><br \/>\n<span style=\"color: #ffffff;\">Qui est aussi en charge de son h\u00e9bergement.<\/span><\/p>\n<p style=\"text-align: center;\"><span style=\"color: #ffffff;\">L\u2019association travaille en partenariat avec Movinmotion pour ses d\u00e9clarations sociales\u00a0:<\/span><br \/>\n<span style=\"color: #ffffff;\"><a style=\"color: #ffffff;\" href=\"https:\/\/www.movinmotion.com\/\">www.movinmotion.com<\/a><\/span><\/p>\n<p style=\"text-align: center;\"><span style=\"color: #ffffff;\">La totalit\u00e9 des \u00e9l\u00e9ments du site\u00a0<a style=\"color: #ffffff;\" href=\"http:\/\/www.cie-vaporium.com\/\">www.cie-vaporium.com<\/a>, notamment les textes, pr\u00e9sentations, illustrations, photographies, arbrorescences et mises en forme sont la propri\u00e9t\u00e9 intellectuelle exclusive de l\u2019Association des MAOU et de ses \u00e9ventuelles ayants droit respectifs.<\/span><\/p>\n<p style=\"text-align: center;\"><span style=\"color: #ffffff;\">\u00c0 ce titre, leurs repr\u00e9sentations, reproductions, imbrications, diffusions et rediffusions, partielles ou totales, sont interdites conform\u00e9ment aux dispositions de l\u2019article L. 122-4 du Code de la propri\u00e9t\u00e9 intellectuelle. Toute personne y proc\u00e9dant sans pouvoir justifier d\u2019une autorisation pr\u00e9alable et expresse du d\u00e9tenteur de ces droits encourt les peines relatives au d\u00e9lit de contrefa\u00e7on pr\u00e9vues aux articles L. 335-2 et suivants du Code de la propri\u00e9t\u00e9 intellectuelle.<\/span><\/p>\n<p style=\"text-align: center;\"><span style=\"color: #ffffff;\">En tout \u00e9tat de cause, sur toute copie autoris\u00e9e de tout ou partie du contenu de ce site, devra figurer la mention<\/span><\/p>\n<p style=\"text-align: center;\"><span style=\"color: #ffffff;\">\u00ab Copyright 2021 Cie Vaporium tous droits r\u00e9serv\u00e9s \u00bb.<\/span><\/p>\n<p>[\/vc_column_text][\/vc_column][\/vc_row]<\/p>\n","protected":false},"excerpt":{"rendered":"<p>[vc_row][vc_column css=&#8221;.vc_custom_1643712511167{background-color: #000000 !important;border-radius: 35px !important;}&#8221;][vc_column_text] le site\u00a0www.cie-vaporium.com\u00a0est \u00e9dit\u00e9 par\u00a0: Association des MAOU N\u00b0 de Siret : 821958170 00028, APE : 9001Z, Cat\u00e9gorie juridique :\u00a0 9220. Titulaire de la licence d\u2019entrepreneur de spectacle, cat\u00e9gories 2, n\u00b0 2-1111092. Si\u00e8ge social\u00a0: 5 rue Bombecul, 12520 Verri\u00e8res . En partenariat avec Henry Morgan https:\/\/henry-morgan.pro\/ Qui est aussi en [&hellip;]<\/p>\n","protected":false},"author":3,"featured_media":1398,"parent":0,"menu_order":0,"comment_status":"closed","ping_status":"closed","template":"","meta":{"footnotes":""},"class_list":["post-947","page","type-page","status-publish","has-post-thumbnail","hentry"],"yoast_head":"<!-- This site is optimized with the Yoast SEO plugin v16.0.2 - https:\/\/yoast.com\/wordpress\/plugins\/seo\/ -->\n<title>Mentions l\u00e9gales - Cie Vaporium<\/title>\n<meta name=\"description\" content=\"Tout le blabla juridique qu&#039;on appelle commun\u00e9ment les mentions l\u00e9gales, une page \u00e0 lire si vous avez envie de vous ennuyer.\" \/>\n<link rel=\"canonical\" href=\"https:\/\/test.cie-vaporium.com\/?page_id=947\" \/>\n<meta property=\"og:locale\" content=\"fr_FR\" \/>\n<meta property=\"og:type\" content=\"article\" \/>\n<meta property=\"og:title\" content=\"Mentions l\u00e9gales - Cie Vaporium\" \/>\n<meta property=\"og:description\" content=\"Tout le blabla juridique qu&#039;on appelle commun\u00e9ment les mentions l\u00e9gales, une page \u00e0 lire si vous avez envie de vous ennuyer.\" \/>\n<meta property=\"og:url\" content=\"https:\/\/test.cie-vaporium.com\/?page_id=947\" \/>\n<meta property=\"og:site_name\" content=\"Cie Vaporium\" \/>\n<meta property=\"article:modified_time\" content=\"2022-02-01T10:48:49+00:00\" \/>\n<meta property=\"og:image\" content=\"https:\/\/test.cie-vaporium.com\/wp-content\/uploads\/2021\/02\/logo-vierge-ti-ti-petit.png\" \/>\n\t<meta property=\"og:image:width\" content=\"150\" \/>\n\t<meta property=\"og:image:height\" content=\"150\" \/>\n<meta name=\"twitter:card\" content=\"summary\" \/>\n<meta name=\"twitter:label1\" content=\"Est. reading time\">\n\t<meta name=\"twitter:data1\" content=\"1 minute\">\n<script type=\"application\/ld+json\" class=\"yoast-schema-graph\">{\"@context\":\"https:\/\/schema.org\",\"@graph\":[{\"@type\":\"WebSite\",\"@id\":\"https:\/\/test.cie-vaporium.com\/#website\",\"url\":\"https:\/\/test.cie-vaporium.com\/\",\"name\":\"Cie Vaporium\",\"description\":\"Votre passeport pour le fantastique\",\"potentialAction\":[{\"@type\":\"SearchAction\",\"target\":\"https:\/\/test.cie-vaporium.com\/?s={search_term_string}\",\"query-input\":\"required name=search_term_string\"}],\"inLanguage\":\"fr-FR\"},{\"@type\":\"ImageObject\",\"@id\":\"https:\/\/test.cie-vaporium.com\/?page_id=947#primaryimage\",\"inLanguage\":\"fr-FR\",\"url\":\"https:\/\/test.cie-vaporium.com\/wp-content\/uploads\/2021\/02\/logo-vierge-ti-ti-petit.png\",\"width\":150,\"height\":150},{\"@type\":\"WebPage\",\"@id\":\"https:\/\/test.cie-vaporium.com\/?page_id=947#webpage\",\"url\":\"https:\/\/test.cie-vaporium.com\/?page_id=947\",\"name\":\"Mentions l\\u00e9gales - Cie Vaporium\",\"isPartOf\":{\"@id\":\"https:\/\/test.cie-vaporium.com\/#website\"},\"primaryImageOfPage\":{\"@id\":\"https:\/\/test.cie-vaporium.com\/?page_id=947#primaryimage\"},\"datePublished\":\"2021-02-02T14:11:13+00:00\",\"dateModified\":\"2022-02-01T10:48:49+00:00\",\"description\":\"Tout le blabla juridique qu'on appelle commun\\u00e9ment les mentions l\\u00e9gales, une page \\u00e0 lire si vous avez envie de vous ennuyer.\",\"breadcrumb\":{\"@id\":\"https:\/\/test.cie-vaporium.com\/?page_id=947#breadcrumb\"},\"inLanguage\":\"fr-FR\",\"potentialAction\":[{\"@type\":\"ReadAction\",\"target\":[\"https:\/\/test.cie-vaporium.com\/?page_id=947\"]}]},{\"@type\":\"BreadcrumbList\",\"@id\":\"https:\/\/test.cie-vaporium.com\/?page_id=947#breadcrumb\",\"itemListElement\":[{\"@type\":\"ListItem\",\"position\":1,\"item\":{\"@type\":\"WebPage\",\"@id\":\"https:\/\/test.cie-vaporium.com\/\",\"url\":\"https:\/\/test.cie-vaporium.com\/\",\"name\":\"Accueil\"}},{\"@type\":\"ListItem\",\"position\":2,\"item\":{\"@type\":\"WebPage\",\"@id\":\"https:\/\/test.cie-vaporium.com\/?page_id=947\",\"url\":\"https:\/\/test.cie-vaporium.com\/?page_id=947\",\"name\":\"Mentions l\\u00e9gales\"}}]}]}<\/script>\n<!-- \/ Yoast SEO plugin. -->","_links":{"self":[{"href":"https:\/\/test.cie-vaporium.com\/index.php?rest_route=\/wp\/v2\/pages\/947","targetHints":{"allow":["GET"]}}],"collection":[{"href":"https:\/\/test.cie-vaporium.com\/index.php?rest_route=\/wp\/v2\/pages"}],"about":[{"href":"https:\/\/test.cie-vaporium.com\/index.php?rest_route=\/wp\/v2\/types\/page"}],"author":[{"embeddable":true,"href":"https:\/\/test.cie-vaporium.com\/index.php?rest_route=\/wp\/v2\/users\/3"}],"replies":[{"embeddable":true,"href":"https:\/\/test.cie-vaporium.com\/index.php?rest_route=%2Fwp%2Fv2%2Fcomments&post=947"}],"version-history":[{"count":17,"href":"https:\/\/test.cie-vaporium.com\/index.php?rest_route=\/wp\/v2\/pages\/947\/revisions"}],"predecessor-version":[{"id":3263,"href":"https:\/\/test.cie-vaporium.com\/index.php?rest_route=\/wp\/v2\/pages\/947\/revisions\/3263"}],"wp:featuredmedia":[{"embeddable":true,"href":"https:\/\/test.cie-vaporium.com\/index.php?rest_route=\/wp\/v2\/media\/1398"}],"wp:attachment":[{"href":"https:\/\/test.cie-vaporium.com\/index.php?rest_route=%2Fwp%2Fv2%2Fmedia&parent=947"}],"curies":[{"name":"wp","href":"https:\/\/api.w.org\/{rel}","templated":true}]}}