{"id":963,"date":"2021-02-02T15:35:58","date_gmt":"2021-02-02T14:35:58","guid":{"rendered":"http:\/\/cie-vaporium.com\/?page_id=963"},"modified":"2022-02-01T11:48:22","modified_gmt":"2022-02-01T10:48:22","slug":"resaux-sociaux","status":"publish","type":"page","link":"https:\/\/test.cie-vaporium.com\/?page_id=963","title":{"rendered":"r\u00e9seaux sociaux"},"content":{"rendered":"<p>[vc_row][vc_column css=&#8221;.vc_custom_1643712477772{background-color: #000000 !important;border-radius: 35px !important;}&#8221;][vc_column_text]<\/p>\n<p style=\"text-align: center; font-size: 40px;\">Retrouvez nous sur les R\u00e9seaux sociaux\u00a0:<\/p>\n<p>[\/vc_column_text][vc_btn title=&#8221;Facebook&#8221; style=&#8221;3d&#8221; color=&#8221;sky&#8221; size=&#8221;lg&#8221; align=&#8221;center&#8221; link=&#8221;url:https%3A%2F%2Fwww.facebook.com%2Fcievaporium|title:facebook|target:%20_blank|&#8221;][vc_btn title=&#8221;Instagram&#8221; style=&#8221;3d&#8221; color=&#8221;warning&#8221; size=&#8221;lg&#8221; align=&#8221;center&#8221; link=&#8221;url:https%3A%2F%2Fwww.instagram.com%2Fcie.vaporium%2F||target:%20_blank|&#8221;][vc_empty_space][\/vc_column][\/vc_row]<\/p>\n","protected":false},"excerpt":{"rendered":"<p>[vc_row][vc_column css=&#8221;.vc_custom_1643712477772{background-color: #000000 !important;border-radius: 35px !important;}&#8221;][vc_column_text] Retrouvez nous sur les R\u00e9seaux sociaux\u00a0: [\/vc_column_text][vc_btn title=&#8221;Facebook&#8221; style=&#8221;3d&#8221; color=&#8221;sky&#8221; size=&#8221;lg&#8221; align=&#8221;center&#8221; link=&#8221;url:https%3A%2F%2Fwww.facebook.com%2Fcievaporium|title:facebook|target:%20_blank|&#8221;][vc_btn title=&#8221;Instagram&#8221; style=&#8221;3d&#8221; color=&#8221;warning&#8221; size=&#8221;lg&#8221; align=&#8221;center&#8221; link=&#8221;url:https%3A%2F%2Fwww.instagram.com%2Fcie.vaporium%2F||target:%20_blank|&#8221;][vc_empty_space][\/vc_column][\/vc_row]<\/p>\n","protected":false},"author":3,"featured_media":1398,"parent":0,"menu_order":0,"comment_status":"closed","ping_status":"closed","template":"","meta":{"footnotes":""},"class_list":["post-963","page","type-page","status-publish","has-post-thumbnail","hentry"],"yoast_head":"<!-- This site is optimized with the Yoast SEO plugin v16.0.2 - https:\/\/yoast.com\/wordpress\/plugins\/seo\/ -->\n<title>r\u00e9seaux sociaux - Cie Vaporium<\/title>\n<meta name=\"description\" content=\"retrouvez nous sur les r\u00e9seaux sociaux, venez suivre en directe l&#039;actualit\u00e9 de la compagnie et d\u00e9couvrir d&#039;avantage de contenus\" \/>\n<link rel=\"canonical\" href=\"https:\/\/test.cie-vaporium.com\/?page_id=963\" \/>\n<meta property=\"og:locale\" content=\"fr_FR\" \/>\n<meta property=\"og:type\" content=\"article\" \/>\n<meta property=\"og:title\" content=\"r\u00e9seaux sociaux - Cie Vaporium\" \/>\n<meta property=\"og:description\" content=\"retrouvez nous sur les r\u00e9seaux sociaux, venez suivre en directe l&#039;actualit\u00e9 de la compagnie et d\u00e9couvrir d&#039;avantage de contenus\" \/>\n<meta property=\"og:url\" content=\"https:\/\/test.cie-vaporium.com\/?page_id=963\" \/>\n<meta property=\"og:site_name\" content=\"Cie Vaporium\" \/>\n<meta property=\"article:modified_time\" content=\"2022-02-01T10:48:22+00:00\" \/>\n<meta property=\"og:image\" content=\"https:\/\/test.cie-vaporium.com\/wp-content\/uploads\/2021\/02\/logo-vierge-ti-ti-petit.png\" \/>\n\t<meta property=\"og:image:width\" content=\"150\" \/>\n\t<meta property=\"og:image:height\" content=\"150\" \/>\n<meta name=\"twitter:card\" content=\"summary\" \/>\n<meta name=\"twitter:label1\" content=\"Est. reading time\">\n\t<meta name=\"twitter:data1\" content=\"1 minute\">\n<script type=\"application\/ld+json\" class=\"yoast-schema-graph\">{\"@context\":\"https:\/\/schema.org\",\"@graph\":[{\"@type\":\"WebSite\",\"@id\":\"https:\/\/test.cie-vaporium.com\/#website\",\"url\":\"https:\/\/test.cie-vaporium.com\/\",\"name\":\"Cie Vaporium\",\"description\":\"Votre passeport pour le fantastique\",\"potentialAction\":[{\"@type\":\"SearchAction\",\"target\":\"https:\/\/test.cie-vaporium.com\/?s={search_term_string}\",\"query-input\":\"required name=search_term_string\"}],\"inLanguage\":\"fr-FR\"},{\"@type\":\"ImageObject\",\"@id\":\"https:\/\/test.cie-vaporium.com\/?page_id=963#primaryimage\",\"inLanguage\":\"fr-FR\",\"url\":\"https:\/\/test.cie-vaporium.com\/wp-content\/uploads\/2021\/02\/logo-vierge-ti-ti-petit.png\",\"width\":150,\"height\":150},{\"@type\":\"WebPage\",\"@id\":\"https:\/\/test.cie-vaporium.com\/?page_id=963#webpage\",\"url\":\"https:\/\/test.cie-vaporium.com\/?page_id=963\",\"name\":\"r\\u00e9seaux sociaux - Cie Vaporium\",\"isPartOf\":{\"@id\":\"https:\/\/test.cie-vaporium.com\/#website\"},\"primaryImageOfPage\":{\"@id\":\"https:\/\/test.cie-vaporium.com\/?page_id=963#primaryimage\"},\"datePublished\":\"2021-02-02T14:35:58+00:00\",\"dateModified\":\"2022-02-01T10:48:22+00:00\",\"description\":\"retrouvez nous sur les r\\u00e9seaux sociaux, venez suivre en directe l'actualit\\u00e9 de la compagnie et d\\u00e9couvrir d'avantage de contenus\",\"breadcrumb\":{\"@id\":\"https:\/\/test.cie-vaporium.com\/?page_id=963#breadcrumb\"},\"inLanguage\":\"fr-FR\",\"potentialAction\":[{\"@type\":\"ReadAction\",\"target\":[\"https:\/\/test.cie-vaporium.com\/?page_id=963\"]}]},{\"@type\":\"BreadcrumbList\",\"@id\":\"https:\/\/test.cie-vaporium.com\/?page_id=963#breadcrumb\",\"itemListElement\":[{\"@type\":\"ListItem\",\"position\":1,\"item\":{\"@type\":\"WebPage\",\"@id\":\"https:\/\/test.cie-vaporium.com\/\",\"url\":\"https:\/\/test.cie-vaporium.com\/\",\"name\":\"Accueil\"}},{\"@type\":\"ListItem\",\"position\":2,\"item\":{\"@type\":\"WebPage\",\"@id\":\"https:\/\/test.cie-vaporium.com\/?page_id=963\",\"url\":\"https:\/\/test.cie-vaporium.com\/?page_id=963\",\"name\":\"r\\u00e9seaux sociaux\"}}]}]}<\/script>\n<!-- \/ Yoast SEO plugin. -->","_links":{"self":[{"href":"https:\/\/test.cie-vaporium.com\/index.php?rest_route=\/wp\/v2\/pages\/963","targetHints":{"allow":["GET"]}}],"collection":[{"href":"https:\/\/test.cie-vaporium.com\/index.php?rest_route=\/wp\/v2\/pages"}],"about":[{"href":"https:\/\/test.cie-vaporium.com\/index.php?rest_route=\/wp\/v2\/types\/page"}],"author":[{"embeddable":true,"href":"https:\/\/test.cie-vaporium.com\/index.php?rest_route=\/wp\/v2\/users\/3"}],"replies":[{"embeddable":true,"href":"https:\/\/test.cie-vaporium.com\/index.php?rest_route=%2Fwp%2Fv2%2Fcomments&post=963"}],"version-history":[{"count":17,"href":"https:\/\/test.cie-vaporium.com\/index.php?rest_route=\/wp\/v2\/pages\/963\/revisions"}],"predecessor-version":[{"id":3262,"href":"https:\/\/test.cie-vaporium.com\/index.php?rest_route=\/wp\/v2\/pages\/963\/revisions\/3262"}],"wp:featuredmedia":[{"embeddable":true,"href":"https:\/\/test.cie-vaporium.com\/index.php?rest_route=\/wp\/v2\/media\/1398"}],"wp:attachment":[{"href":"https:\/\/test.cie-vaporium.com\/index.php?rest_route=%2Fwp%2Fv2%2Fmedia&parent=963"}],"curies":[{"name":"wp","href":"https:\/\/api.w.org\/{rel}","templated":true}]}}